{"id":476,"date":"2019-03-11T14:10:57","date_gmt":"2019-03-11T13:10:57","guid":{"rendered":"https:\/\/starremediesfloweressences.com\/?page_id=476"},"modified":"2024-09-24T13:40:40","modified_gmt":"2024-09-24T11:40:40","slug":"floweressences","status":"publish","type":"page","link":"https:\/\/starremediesfloweressences.com\/pt\/floweressences\/","title":{"rendered":"Ess\u00eancias florais"},"content":{"rendered":"<p>3 Eenheid<br \/>\nDesespero profundo, solid\u00e3o.<br \/>\nSubstitui o rem\u00e9dio de Bach: Sweet Chestnut<\/p>\n<p>Aster<br \/>\nMedo de doen\u00e7as.<br \/>\nSubstitui o rem\u00e9dio de Bach: Heather<\/p>\n<p>Balans<br \/>\nSobrecarga tempor\u00e1ria, cansa\u00e7o, sensa\u00e7\u00e3o de segunda-feira de manh\u00e3.<br \/>\nSubstitui o rem\u00e9dio de Bach: Hornbeam<\/p>\n<p>Bali<br \/>\nApatia, resigna\u00e7\u00e3o, falta de motiva\u00e7\u00e3o.<br \/>\nSubstitui o rem\u00e9dio de Bach: Rosa Selvagem<\/p>\n<p>Bescherming<br \/>\nSentir-se feliz e protegido.<\/p>\n<p>Clematis<br \/>\nVis\u00e3o geral da sua vida, com os dois p\u00e9s no ch\u00e3o.<\/p>\n<p>Dagkoekoeksbloem<br \/>\nFalta de auto-confian\u00e7a, inseguran\u00e7a.<br \/>\nSubstitui o rem\u00e9dio de Bach: Lar\u00edcio<\/p>\n<p>Daslook<br \/>\nProtetor da Aura, Aterrado, Aqui e Agora.<\/p>\n<p>Dotterbloem<br \/>\nImpaciente.<br \/>\nSubstitui o rem\u00e9dio de Bach: Impatias<\/p>\n<p>Di\u00e1rio Oficial<br \/>\nEliminar-se a si pr\u00f3prio, sem limites pr\u00f3prios.<br \/>\nSubstitui o Bach Remedy: Centaury<\/p>\n<p>Duizendknoop<br \/>\nPreocupa\u00e7\u00f5es ocultas, odiar discutir.<br \/>\nSubstitui o rem\u00e9dio de Bach: Agrim\u00f3nia<\/p>\n<p>Ess\u00eancia Eerste Hulp<br \/>\ncicatriz violenta, emerg\u00eancias emocionais, mensagens graves a ferimentos pessoais, queimaduras e acidentes<br \/>\nSubstitui o Bach Remedy: Rescue Remedy<\/p>\n<p>Eucalipto<br \/>\nOrgulhoso, distante, retra\u00eddo.<br \/>\nSubstitui o rem\u00e9dio de Bach: Water Violet<\/p>\n<p>Fluitenkruid<br \/>\nBoa autoestima, aceitar.<\/p>\n<p>Gebroken Hartje<br \/>\nConsci\u00eancia de dores emocionais antigas existentes no corpo.<\/p>\n<p>Gele Meibloem<br \/>\nMed\u00edocre, bem intencionado.<br \/>\nSubstitui o rem\u00e9dio de Bach: Chic\u00f3ria<\/p>\n<p>Genadekruid<br \/>\nRessentimento, amargura.<br \/>\nSubstitui o rem\u00e9dio de Bach: Salgueiro<\/p>\n<p>Herfstaster<br \/>\nEmerg\u00eancia da sua espiritualidade \"infantil\".<\/p>\n<p>O tipo<br \/>\nExausto, cansado.<br \/>\nSubstitui o rem\u00e9dio de Bach: Olive<\/p>\n<p>Hort\u00eansia<br \/>\nN\u00e3o poder escolher entre muitas op\u00e7\u00f5es.<br \/>\nSubstitui o rem\u00e9dio de Bach: Aveia Selvagem<\/p>\n<p>Hosta<br \/>\nMedos indescrit\u00edveis, n\u00e3o se sentir seguro.<br \/>\nSubstitui o rem\u00e9dio de Bach: Aspen<\/p>\n<p>Houttuynia Cordata<br \/>\nPensamentos de moagem.<br \/>\nSubstitui o rem\u00e9dio de Bach: White Chestnut<\/p>\n<p>Immortelle<br \/>\nDepress\u00e3o de causa desconhecida.<br \/>\nSubstitui o rem\u00e9dio de Bach: Mostarda<\/p>\n<p>Amandel indiano<br \/>\nElimina as dores antigas, Dignidade interior.<\/p>\n<p>Ismene<br \/>\nAusente, sonhador.<br \/>\nSubstitui o rem\u00e9dio de Bach: Clematis<\/p>\n<p>Kerspruim<br \/>\nTens\u00e3o extrema, roer as unhas, urinar na cama, obsess\u00f5es.<br \/>\nSubstitui o Rem\u00e9dio de Bach: Cherry Plum<\/p>\n<p>Komkommerkruid<br \/>\nDesmaio s\u00fabito, exaust\u00e3o tempor\u00e1ria, stress.<br \/>\nSubstitui o rem\u00e9dio de Bach: Elm<\/p>\n<p>Komkommerkruid 2<br \/>\nApag\u00e3o de placas, desorienta\u00e7\u00e3o, stress.<br \/>\nSubstitui o rem\u00e9dio de Bach: Elm<\/p>\n<p>Rainha de Kusten<br \/>\nN\u00e3o suporta a injusti\u00e7a.<br \/>\nSubstitui o rem\u00e9dio de Bach: verbena<\/p>\n<p>Koraalcactus<br \/>\nobturador de aura. Nada o pode perturbar.<\/p>\n<p>N\u00e3o me chateie<br \/>\nProcesso de cura em acelera\u00e7\u00e3o, prote\u00e7\u00e3o e apoio.<\/p>\n<p>Liefde &amp; Hoop<br \/>\nP\u00e2nico. Ataques de p\u00e2nico.<br \/>\nSubstitui o Bach Remedy: Rock Rose<\/p>\n<p>Loodkruid<br \/>\nN\u00e3o confies na tua pr\u00f3pria intui\u00e7\u00e3o, na incerteza.<br \/>\nSubstitui o Bach Remedy: Cerato<\/p>\n<p>Maan<br \/>\nDesenvolvimento da alma crescimento espiritual.<\/p>\n<p>Madelief<br \/>\nExaust\u00e3o, continuar, trabalhador.<br \/>\nSubstitui o rem\u00e9dio de Bach: Carvalho<\/p>\n<p>Maskerbloem<br \/>\nMedos nome\u00e1veis.<br \/>\nSubstitui o rem\u00e9dio de Bach: Mimulus<\/p>\n<p>Meesterbloem<br \/>\nPermite conhecer as emo\u00e7\u00f5es ocultas.<br \/>\nSubstitui o Rem\u00e9dio de Bach: Red Chestnut<\/p>\n<p>Meibloem<br \/>\nMed\u00edocre, bem intencionado.<br \/>\nSubstitui o rem\u00e9dio de Bach: Chic\u00f3ria<\/p>\n<p>Moederkruid<br \/>\nSaudades de casa, arrependimento.<br \/>\nSubstitui o rem\u00e9dio de Bach: Honeysuckle<\/p>\n<p>Papaver<br \/>\nDepress\u00e3o de causa conhecida, sem sa\u00edda, sem confian\u00e7a.<br \/>\nSubstitui o rem\u00e9dio de Bach: Genciana<\/p>\n<p>Pares<br \/>\nDesespero, n\u00e3o ver nenhuma sa\u00edda.<br \/>\nSubstitui o rem\u00e9dio de Bach: Gorse<\/p>\n<p>Prote\u00e7\u00e3o<br \/>\nProtetor da aura.<\/p>\n<p>Puur<br \/>\nExigir muito de si pr\u00f3prio e dos outros.<br \/>\nSubstitui o Rem\u00e9dio de Bach: \u00c1gua de Rocha<\/p>\n<p>Riet<br \/>\nIncerteza, n\u00e3o poder escolher entre duas coisas, durante a gravidez, durante o enjoo.<br \/>\nSubstitui o rem\u00e9dio de Bach: Scleranthus<\/p>\n<p>Roos<br \/>\nDemasiado cr\u00edtico, intolerante.<br \/>\nSubstitui o rem\u00e9dio de Bach: Beech<\/p>\n<p>Roze Duizendblad<br \/>\nEscudo de proximidade, prote\u00e7\u00e3o contra as emo\u00e7\u00f5es das pessoas que lhe s\u00e3o pr\u00f3ximas.<\/p>\n<p>Espregui\u00e7adeira<br \/>\nAjuda a restaurar barreiras emocionais, a libertar e a limpar.<\/p>\n<p>Estrela de Bel\u00e9m<br \/>\nChoque psicol\u00f3gico, trauma, luto s\u00fabito, trauma de nascimento, consolador.<br \/>\nSubstitui Bach Remedy: Star of Bethlehem<\/p>\n<p>Turkoois<br \/>\nMudan\u00e7a na vida.<br \/>\nSubstitui o rem\u00e9dio de Bach: Noz<\/p>\n<p>Valeriaan<br \/>\nReescreve o projeto da fam\u00edlia, por assim dizer.<\/p>\n<p>Vergeving<br \/>\nRaiva invejosa e feroz.<br \/>\nSubstitui o rem\u00e9dio de Bach: Holly<\/p>\n<p>Constru\u00e7\u00e3o de cilindros<br \/>\nCometer os mesmos erros vezes sem conta, dificuldades de aprendizagem, pensar no futuro.<br \/>\nSubstitui o rem\u00e9dio de Bach: Chestnut Bud<\/p>\n<p>Vrouwenmantel<br \/>\nDominante, regulador, desejo de poder.<br \/>\nSubstitui o rem\u00e9dio de Bach: Videira<\/p>\n<p>Vuurdoorn<br \/>\nMostra compaix\u00e3o pelos outros e por si pr\u00f3prio.<br \/>\nSubstitui o rem\u00e9dio de Bach: Pine<\/p>\n<p>Waterlelie<br \/>\nD\u00e1 esperan\u00e7a para o presente e para o futuro.<\/p>\n<p>Wilde Appel<br \/>\nSentimentos de impureza, medo de contamina\u00e7\u00e3o.<br \/>\nSubstitui o rem\u00e9dio de Bach: Ma\u00e7\u00e3 de Caranguejo<\/p>\n<p>Zelf<br \/>\nBase. Experi\u00eancias: Pot\u00eancia, limpeza, arruma\u00e7\u00e3o, liga\u00e7\u00e3o \u00e0 terra, amor pr\u00f3prio, poder pr\u00f3prio, for\u00e7a, vida, auto-confian\u00e7a.<\/p>\n<p>&nbsp;<\/p>","protected":false},"excerpt":{"rendered":"<p>3 Eenheid Deep despair, Loneliness. Replaces Bach Remedy: Sweet Chestnut Aster Fear of diseases. Replaces Bach Remedy: Heather Balans Temporarily overloaded, fatigue, Monday morning feeling. Replaces Bach Remedy: Hornbeam Bali Apathy, resignation, lack of motivation. Replaces Bach Remedy: Wild Rose Bescherming Feeling happy and protected. Clematis Overview about your life, both feet on the ground. [&hellip;]<\/p>\n","protected":false},"author":1,"featured_media":0,"parent":0,"menu_order":0,"comment_status":"closed","ping_status":"closed","template":"","meta":{"_acf_changed":false,"footnotes":""},"class_list":["post-476","page","type-page","status-publish","hentry"],"acf":[],"yoast_head":"<!-- This site is optimized with the Yoast SEO plugin v27.4 - https:\/\/yoast.com\/product\/yoast-seo-wordpress\/ -->\n<title>Flower Essences - Flower Essences made by Madeleine &amp; Micha Meuwessen - Star Remedies<\/title>\n<meta name=\"description\" content=\"The complete overview of all flower essences made in the Netherlands and the rest of the world. Read more about their unique qualities and characteristics.\" \/>\n<meta name=\"robots\" content=\"index, follow, max-snippet:-1, max-image-preview:large, max-video-preview:-1\" \/>\n<link rel=\"canonical\" href=\"https:\/\/starremediesfloweressences.com\/pt\/floweressences\/\" \/>\n<meta property=\"og:locale\" content=\"pt_PT\" \/>\n<meta property=\"og:type\" content=\"article\" \/>\n<meta property=\"og:title\" content=\"Flower Essences - Flower Essences made by Madeleine &amp; Micha Meuwessen - Star Remedies\" \/>\n<meta property=\"og:description\" content=\"The complete overview of all flower essences made in the Netherlands and the rest of the world. Read more about their unique qualities and characteristics.\" \/>\n<meta property=\"og:url\" content=\"https:\/\/starremediesfloweressences.com\/pt\/floweressences\/\" \/>\n<meta property=\"og:site_name\" content=\"Flower Essences made by Madeleine &amp; Micha Meuwessen - Star Remedies\" \/>\n<meta property=\"article:modified_time\" content=\"2024-09-24T11:40:40+00:00\" \/>\n<meta name=\"twitter:card\" content=\"summary_large_image\" \/>\n<meta name=\"twitter:label1\" content=\"Tempo estimado de leitura\" \/>\n\t<meta name=\"twitter:data1\" content=\"14 minutos\" \/>\n<script type=\"application\/ld+json\" class=\"yoast-schema-graph\">{\"@context\":\"https:\\\/\\\/schema.org\",\"@graph\":[{\"@type\":\"WebPage\",\"@id\":\"https:\\\/\\\/starremediesfloweressences.com\\\/floweressences\\\/\",\"url\":\"https:\\\/\\\/starremediesfloweressences.com\\\/floweressences\\\/\",\"name\":\"Flower Essences - Flower Essences made by Madeleine &amp; Micha Meuwessen - Star Remedies\",\"isPartOf\":{\"@id\":\"https:\\\/\\\/starremediesfloweressences.com\\\/it\\\/#website\"},\"datePublished\":\"2019-03-11T13:10:57+00:00\",\"dateModified\":\"2024-09-24T11:40:40+00:00\",\"description\":\"The complete overview of all flower essences made in the Netherlands and the rest of the world. Read more about their unique qualities and characteristics.\",\"breadcrumb\":{\"@id\":\"https:\\\/\\\/starremediesfloweressences.com\\\/floweressences\\\/#breadcrumb\"},\"inLanguage\":\"pt-PT\",\"potentialAction\":[{\"@type\":\"ReadAction\",\"target\":[\"https:\\\/\\\/starremediesfloweressences.com\\\/floweressences\\\/\"]}]},{\"@type\":\"BreadcrumbList\",\"@id\":\"https:\\\/\\\/starremediesfloweressences.com\\\/floweressences\\\/#breadcrumb\",\"itemListElement\":[{\"@type\":\"ListItem\",\"position\":1,\"name\":\"Home\",\"item\":\"https:\\\/\\\/starremediesfloweressences.com\\\/it\\\/\"},{\"@type\":\"ListItem\",\"position\":2,\"name\":\"Flower Essences\"}]},{\"@type\":\"WebSite\",\"@id\":\"https:\\\/\\\/starremediesfloweressences.com\\\/it\\\/#website\",\"url\":\"https:\\\/\\\/starremediesfloweressences.com\\\/it\\\/\",\"name\":\"Flower Essences made by Madeleine &amp; Micha Meuwessen - Star Remedies\",\"description\":\"\",\"potentialAction\":[{\"@type\":\"SearchAction\",\"target\":{\"@type\":\"EntryPoint\",\"urlTemplate\":\"https:\\\/\\\/starremediesfloweressences.com\\\/it\\\/?s={search_term_string}\"},\"query-input\":{\"@type\":\"PropertyValueSpecification\",\"valueRequired\":true,\"valueName\":\"search_term_string\"}}],\"inLanguage\":\"pt-PT\"}]}<\/script>\n<!-- \/ Yoast SEO plugin. -->","yoast_head_json":{"title":"Ess\u00eancias Florais - Ess\u00eancias Florais feitas por Madeleine &amp; Micha Meuwessen - Star Remedies","description":"O resumo completo de todas as ess\u00eancias florais produzidas nos Pa\u00edses Baixos e no resto do mundo. Leia mais sobre as suas qualidades e carater\u00edsticas \u00fanicas.","robots":{"index":"index","follow":"follow","max-snippet":"max-snippet:-1","max-image-preview":"max-image-preview:large","max-video-preview":"max-video-preview:-1"},"canonical":"https:\/\/starremediesfloweressences.com\/pt\/floweressences\/","og_locale":"pt_PT","og_type":"article","og_title":"Flower Essences - Flower Essences made by Madeleine &amp; Micha Meuwessen - Star Remedies","og_description":"The complete overview of all flower essences made in the Netherlands and the rest of the world. Read more about their unique qualities and characteristics.","og_url":"https:\/\/starremediesfloweressences.com\/pt\/floweressences\/","og_site_name":"Flower Essences made by Madeleine &amp; Micha Meuwessen - Star Remedies","article_modified_time":"2024-09-24T11:40:40+00:00","twitter_card":"summary_large_image","twitter_misc":{"Tempo estimado de leitura":"14 minutos"},"schema":{"@context":"https:\/\/schema.org","@graph":[{"@type":"WebPage","@id":"https:\/\/starremediesfloweressences.com\/floweressences\/","url":"https:\/\/starremediesfloweressences.com\/floweressences\/","name":"Ess\u00eancias Florais - Ess\u00eancias Florais feitas por Madeleine &amp; Micha Meuwessen - Star Remedies","isPartOf":{"@id":"https:\/\/starremediesfloweressences.com\/it\/#website"},"datePublished":"2019-03-11T13:10:57+00:00","dateModified":"2024-09-24T11:40:40+00:00","description":"O resumo completo de todas as ess\u00eancias florais produzidas nos Pa\u00edses Baixos e no resto do mundo. Leia mais sobre as suas qualidades e carater\u00edsticas \u00fanicas.","breadcrumb":{"@id":"https:\/\/starremediesfloweressences.com\/floweressences\/#breadcrumb"},"inLanguage":"pt-PT","potentialAction":[{"@type":"ReadAction","target":["https:\/\/starremediesfloweressences.com\/floweressences\/"]}]},{"@type":"BreadcrumbList","@id":"https:\/\/starremediesfloweressences.com\/floweressences\/#breadcrumb","itemListElement":[{"@type":"ListItem","position":1,"name":"Home","item":"https:\/\/starremediesfloweressences.com\/it\/"},{"@type":"ListItem","position":2,"name":"Flower Essences"}]},{"@type":"WebSite","@id":"https:\/\/starremediesfloweressences.com\/it\/#website","url":"https:\/\/starremediesfloweressences.com\/it\/","name":"Ess\u00eancias florais feitas por Madeleine &amp; Micha Meuwessen - Star Remedies","description":"","potentialAction":[{"@type":"SearchAction","target":{"@type":"EntryPoint","urlTemplate":"https:\/\/starremediesfloweressences.com\/it\/?s={search_term_string}"},"query-input":{"@type":"PropertyValueSpecification","valueRequired":true,"valueName":"search_term_string"}}],"inLanguage":"pt-PT"}]}},"_links":{"self":[{"href":"https:\/\/starremediesfloweressences.com\/pt\/wp-json\/wp\/v2\/pages\/476","targetHints":{"allow":["GET"]}}],"collection":[{"href":"https:\/\/starremediesfloweressences.com\/pt\/wp-json\/wp\/v2\/pages"}],"about":[{"href":"https:\/\/starremediesfloweressences.com\/pt\/wp-json\/wp\/v2\/types\/page"}],"author":[{"embeddable":true,"href":"https:\/\/starremediesfloweressences.com\/pt\/wp-json\/wp\/v2\/users\/1"}],"replies":[{"embeddable":true,"href":"https:\/\/starremediesfloweressences.com\/pt\/wp-json\/wp\/v2\/comments?post=476"}],"version-history":[{"count":6,"href":"https:\/\/starremediesfloweressences.com\/pt\/wp-json\/wp\/v2\/pages\/476\/revisions"}],"predecessor-version":[{"id":1037,"href":"https:\/\/starremediesfloweressences.com\/pt\/wp-json\/wp\/v2\/pages\/476\/revisions\/1037"}],"wp:attachment":[{"href":"https:\/\/starremediesfloweressences.com\/pt\/wp-json\/wp\/v2\/media?parent=476"}],"curies":[{"name":"wp","href":"https:\/\/api.w.org\/{rel}","templated":true}]}}