{"id":65,"date":"2014-08-25T14:08:41","date_gmt":"2014-08-25T14:08:41","guid":{"rendered":"http:\/\/192.168.1.104\/enfold-photography\/?page_id=2"},"modified":"2021-12-30T13:57:49","modified_gmt":"2021-12-30T12:57:49","slug":"prima-pagina","status":"publish","type":"page","link":"https:\/\/starremediesfloweressences.com\/it\/","title":{"rendered":"Prima pagina"},"content":{"rendered":"<section id=\"section-110-713\" class=\"ct-section padding\">\n<div class=\"ct-section-inner-wrap\">\n<div id=\"_rich_text-118-713\" class=\"oxy-rich-text\">\n<p>Le essenze floreali trasformano gli stati d'animo negativi in positivi. Nel corso degli anni, Madeleine ha percorso il suo cammino di vita realizzando i rimedi floreali nei Paesi Bassi, in Europa e nel resto del mondo. I suoi rimedi floreali, chiamati Star Remedies, sono stati sviluppati a partire dal 1987 e ora comprendono 57 rimedi floreali.<\/p>\n<p>La floriterapia \u00e8 nota soprattutto per i rimedi floreali di Bach, creati nel secolo scorso dal dottor Edward Bach. Tuttavia, i Rimedi Stellari non sono rimedi di Bach, ma essenze floreali. I rimedi floreali sono caratterizzati da un'alta vibrazione. I Rimedi Stellari sono stati creati per l'epoca attuale, in cui le persone stanno diventando pi\u00f9 che mai consapevoli del significato pi\u00f9 profondo della loro permanenza su questa terra. Le vibrazioni sulla terra e nell'uomo sono cambiate, sono diventate pi\u00f9 raffinate. Anche le vibrazioni dei Rimedi Stellari sono cambiate. I Rimedi Stellari sono equivalenti ad alcuni rimedi floreali di Bach, ma con una vibrazione pi\u00f9 alta e pi\u00f9 raffinata.<\/p>\n<p>Le nostre essenze floreali sono ricavate da piante e fiori selvatici presenti sia nei Paesi Bassi che nel resto del mondo. Oltre alle tradizionali essenze floreali, esistono 4 essenze ricavate da materiali non vegetali, come le pietre semipreziose.<\/p>\n<p>I rimedi stellari sono realizzati in pura tranquillit\u00e0 e con piena intenzione verso il fiore. Questo permette ai fiori di trasferire tutta la loro qualit\u00e0 nell'acqua di sorgente disponibile. Lo stesso vale per le essenze prodotte con materiali non vegetali.<\/p>\n<\/div>\n<\/div>\n<\/section>","protected":false},"excerpt":{"rendered":"<p>Flower essences turn negative moods into positive ones. Over the years, Madeleine has walked her life path by making the Flower remedies in the Netherlands, Europe and the rest of the world. Her flower remedies, called Star Remedies, have been developed since 1987 and now include 57 flower remedies. Flower therapy is best known for [&hellip;]<\/p>\n","protected":false},"author":1,"featured_media":0,"parent":0,"menu_order":0,"comment_status":"closed","ping_status":"closed","template":"","meta":{"_acf_changed":false,"footnotes":""},"class_list":["post-65","page","type-page","status-publish","hentry"],"acf":[],"yoast_head":"<!-- This site is optimized with the Yoast SEO plugin v27.3 - https:\/\/yoast.com\/product\/yoast-seo-wordpress\/ -->\n<title>Flower Remedies by Star Remedies - Flower Essences<\/title>\n<meta name=\"description\" content=\"Flower remedies made by Madeleine &amp; Micha Meuwessen. 56 Flower essences made from wild plants in the Netherlands and the rest of the world.\" \/>\n<meta name=\"robots\" content=\"index, follow, max-snippet:-1, max-image-preview:large, max-video-preview:-1\" \/>\n<link rel=\"canonical\" href=\"https:\/\/starremediesfloweressences.com\/it\/\" \/>\n<meta property=\"og:locale\" content=\"it_IT\" \/>\n<meta property=\"og:type\" content=\"article\" \/>\n<meta property=\"og:title\" content=\"Flower Remedies by Star Remedies - Flower Essences\" \/>\n<meta property=\"og:description\" content=\"Flower remedies made by Madeleine &amp; Micha Meuwessen. 56 Flower essences made from wild plants in the Netherlands and the rest of the world.\" \/>\n<meta property=\"og:url\" content=\"https:\/\/starremediesfloweressences.com\/it\/\" \/>\n<meta property=\"og:site_name\" content=\"Flower Essences made by Madeleine &amp; Micha Meuwessen - Star Remedies\" \/>\n<meta property=\"article:modified_time\" content=\"2021-12-30T12:57:49+00:00\" \/>\n<meta name=\"twitter:card\" content=\"summary_large_image\" \/>\n<meta name=\"twitter:label1\" content=\"Tempo di lettura stimato\" \/>\n\t<meta name=\"twitter:data1\" content=\"2 minuti\" \/>\n<script type=\"application\/ld+json\" class=\"yoast-schema-graph\">{\"@context\":\"https:\\\/\\\/schema.org\",\"@graph\":[{\"@type\":\"WebPage\",\"@id\":\"https:\\\/\\\/starremediesfloweressences.com\\\/it\\\/\",\"url\":\"https:\\\/\\\/starremediesfloweressences.com\\\/it\\\/\",\"name\":\"Flower Remedies by Star Remedies - Flower Essences\",\"isPartOf\":{\"@id\":\"https:\\\/\\\/starremediesfloweressences.com\\\/it\\\/#website\"},\"datePublished\":\"2014-08-25T14:08:41+00:00\",\"dateModified\":\"2021-12-30T12:57:49+00:00\",\"description\":\"Flower remedies made by Madeleine & Micha Meuwessen. 56 Flower essences made from wild plants in the Netherlands and the rest of the world.\",\"breadcrumb\":{\"@id\":\"https:\\\/\\\/starremediesfloweressences.com\\\/it\\\/#breadcrumb\"},\"inLanguage\":\"it-IT\",\"potentialAction\":[{\"@type\":\"ReadAction\",\"target\":[\"https:\\\/\\\/starremediesfloweressences.com\\\/it\\\/\"]}]},{\"@type\":\"BreadcrumbList\",\"@id\":\"https:\\\/\\\/starremediesfloweressences.com\\\/it\\\/#breadcrumb\",\"itemListElement\":[{\"@type\":\"ListItem\",\"position\":1,\"name\":\"Home\",\"item\":\"https:\\\/\\\/starremediesfloweressences.com\\\/it\\\/\"},{\"@type\":\"ListItem\",\"position\":2,\"name\":\"Frontpage\"}]},{\"@type\":\"WebSite\",\"@id\":\"https:\\\/\\\/starremediesfloweressences.com\\\/it\\\/#website\",\"url\":\"https:\\\/\\\/starremediesfloweressences.com\\\/it\\\/\",\"name\":\"Flower Essences made by Madeleine &amp; Micha Meuwessen - Star Remedies\",\"description\":\"\",\"potentialAction\":[{\"@type\":\"SearchAction\",\"target\":{\"@type\":\"EntryPoint\",\"urlTemplate\":\"https:\\\/\\\/starremediesfloweressences.com\\\/it\\\/?s={search_term_string}\"},\"query-input\":{\"@type\":\"PropertyValueSpecification\",\"valueRequired\":true,\"valueName\":\"search_term_string\"}}],\"inLanguage\":\"it-IT\"}]}<\/script>\n<!-- \/ Yoast SEO plugin. -->","yoast_head_json":{"title":"Rimedi floreali di Star Remedies - Essenze floreali","description":"Rimedi floreali realizzati da Madeleine &amp; Micha Meuwessen. 56 essenze floreali ricavate da piante selvatiche dei Paesi Bassi e del resto del mondo.","robots":{"index":"index","follow":"follow","max-snippet":"max-snippet:-1","max-image-preview":"max-image-preview:large","max-video-preview":"max-video-preview:-1"},"canonical":"https:\/\/starremediesfloweressences.com\/it\/","og_locale":"it_IT","og_type":"article","og_title":"Flower Remedies by Star Remedies - Flower Essences","og_description":"Flower remedies made by Madeleine & Micha Meuwessen. 56 Flower essences made from wild plants in the Netherlands and the rest of the world.","og_url":"https:\/\/starremediesfloweressences.com\/it\/","og_site_name":"Flower Essences made by Madeleine &amp; Micha Meuwessen - Star Remedies","article_modified_time":"2021-12-30T12:57:49+00:00","twitter_card":"summary_large_image","twitter_misc":{"Tempo di lettura stimato":"2 minuti"},"schema":{"@context":"https:\/\/schema.org","@graph":[{"@type":"WebPage","@id":"https:\/\/starremediesfloweressences.com\/it\/","url":"https:\/\/starremediesfloweressences.com\/it\/","name":"Rimedi floreali di Star Remedies - Essenze floreali","isPartOf":{"@id":"https:\/\/starremediesfloweressences.com\/it\/#website"},"datePublished":"2014-08-25T14:08:41+00:00","dateModified":"2021-12-30T12:57:49+00:00","description":"Rimedi floreali realizzati da Madeleine &amp; Micha Meuwessen. 56 essenze floreali ricavate da piante selvatiche dei Paesi Bassi e del resto del mondo.","breadcrumb":{"@id":"https:\/\/starremediesfloweressences.com\/it\/#breadcrumb"},"inLanguage":"it-IT","potentialAction":[{"@type":"ReadAction","target":["https:\/\/starremediesfloweressences.com\/it\/"]}]},{"@type":"BreadcrumbList","@id":"https:\/\/starremediesfloweressences.com\/it\/#breadcrumb","itemListElement":[{"@type":"ListItem","position":1,"name":"Home","item":"https:\/\/starremediesfloweressences.com\/it\/"},{"@type":"ListItem","position":2,"name":"Frontpage"}]},{"@type":"WebSite","@id":"https:\/\/starremediesfloweressences.com\/it\/#website","url":"https:\/\/starremediesfloweressences.com\/it\/","name":"Le essenze floreali di Madeleine &amp; Micha Meuwessen - Star Remedies","description":"","potentialAction":[{"@type":"SearchAction","target":{"@type":"EntryPoint","urlTemplate":"https:\/\/starremediesfloweressences.com\/it\/?s={search_term_string}"},"query-input":{"@type":"PropertyValueSpecification","valueRequired":true,"valueName":"search_term_string"}}],"inLanguage":"it-IT"}]}},"_links":{"self":[{"href":"https:\/\/starremediesfloweressences.com\/it\/wp-json\/wp\/v2\/pages\/65","targetHints":{"allow":["GET"]}}],"collection":[{"href":"https:\/\/starremediesfloweressences.com\/it\/wp-json\/wp\/v2\/pages"}],"about":[{"href":"https:\/\/starremediesfloweressences.com\/it\/wp-json\/wp\/v2\/types\/page"}],"author":[{"embeddable":true,"href":"https:\/\/starremediesfloweressences.com\/it\/wp-json\/wp\/v2\/users\/1"}],"replies":[{"embeddable":true,"href":"https:\/\/starremediesfloweressences.com\/it\/wp-json\/wp\/v2\/comments?post=65"}],"version-history":[{"count":6,"href":"https:\/\/starremediesfloweressences.com\/it\/wp-json\/wp\/v2\/pages\/65\/revisions"}],"predecessor-version":[{"id":1128,"href":"https:\/\/starremediesfloweressences.com\/it\/wp-json\/wp\/v2\/pages\/65\/revisions\/1128"}],"wp:attachment":[{"href":"https:\/\/starremediesfloweressences.com\/it\/wp-json\/wp\/v2\/media?parent=65"}],"curies":[{"name":"wp","href":"https:\/\/api.w.org\/{rel}","templated":true}]}}