{"id":1070,"date":"2024-09-27T10:25:20","date_gmt":"2024-09-27T08:25:20","guid":{"rendered":"https:\/\/temp777.starremediesfloweressences.com\/?page_id=1070"},"modified":"2024-09-27T10:25:55","modified_gmt":"2024-09-27T08:25:55","slug":"chakra-essences","status":"publish","type":"page","link":"https:\/\/starremediesfloweressences.com\/it\/chakra-essences\/","title":{"rendered":"Essenze Chakra"},"content":{"rendered":"<p>Combinazione di base<br \/>\nPace e relax emotivo totale<\/p>\n<p>Combinazione 1<br \/>\nRiduzione di sentimenti spiacevoli di causa nota o di sentimenti spiacevoli per se stessi; mancanza di gioia di vivere; affrontare meglio i compiti imposti (attivit\u00e0)<\/p>\n<p>Combinazione 2<br \/>\nPi\u00f9 fiducia; meno rabbia; pi\u00f9 energia; affrontare meglio i compiti imposti (attivit\u00e0).<\/p>\n<p>Combinazione 3<br \/>\nDefinire meglio se stessi; consolazione; amore per se stessi; meno rabbia<\/p>\n<p>Combinazione 4<br \/>\nRilassamento fisico; consolazione; panico; gestione di preoccupazioni e dubbi.<\/p>\n<p>Combinazione 5<br \/>\nForte intuizione; essere nelle proprie forze; luminosit\u00e0 nella testa; speranza.<\/p>\n<p>Combinazione 6<br \/>\nDecisivit\u00e0; capacit\u00e0 di fare scelte; meno rigidit\u00e0 verso se stessi; vedere le cose in prospettiva; speranza.<\/p>\n<p>Combinazione 7<br \/>\nMeglio affrontare l'ingiustizia; riposo nella testa; consolazione; eccesso di entusiasmo.<\/p>\n<p>Combinazione 8<br \/>\nCambiamenti nella vita; affrontare preoccupazioni e dubbi; solitudine; affrontare meglio le ingiustizie; eccesso di entusiasmo.<\/p>\n<p>Combinazione 9<br \/>\nmigliorare i contatti interpersonali; essere meno critici; avere una visione d'insieme della propria vita; cambiare la propria vita.<\/p>\n<p>Combinazione 10<br \/>\nPi\u00f9 pace interiore, meno agitazione; migliore equilibrio tra lavoro e piacere; rilassamento dei muscoli; sensazione di sicurezza al buio.<\/p>\n<p>Combinazione 11<br \/>\nEntrambe le gambe sono a terra; meno sogni; pi\u00f9 gioia di vivere; sentirsi al sicuro; sentirsi al sicuro nel buio.<\/p>\n<p>Combinazione 12<br \/>\nEssere in grado di lasciarsi andare in amore; meno preoccupazioni per gli altri; elaborare la nostalgia di casa; cambiamenti nella propria vita.<\/p>\n<p>Combinazione di esami<br \/>\nTensioni da esame, ma anche per chi ha difficolt\u00e0 nelle conversazioni telefoniche, nel parlare in pubblico, nei nervi da palcoscenico o nell'affrontare un colloquio di lavoro o un'audizione.<\/p>","protected":false},"excerpt":{"rendered":"<p>Basic Combination Total emotional peace and relaxation Combination 1 Reducing unpleasant feelings of known cause or unpleasant feelings for yourself; lack of joy of life; deal better with imposed tasks (activities) Combination 2 More trust; less anger; more energy; deal better with imposed tasks (activities). Combination 3 Define yourself better; consolation; love for yourself; less [&hellip;]<\/p>\n","protected":false},"author":1,"featured_media":0,"parent":0,"menu_order":0,"comment_status":"closed","ping_status":"closed","template":"","meta":{"_acf_changed":false,"footnotes":""},"class_list":["post-1070","page","type-page","status-publish","hentry"],"acf":[],"yoast_head":"<!-- This site is optimized with the Yoast SEO plugin v27.3 - https:\/\/yoast.com\/product\/yoast-seo-wordpress\/ -->\n<title>Chakra Essences made with Star Remedies flower essences<\/title>\n<meta name=\"description\" content=\"Chakra Essences made with Star Remedies flower essences. 7 unique flower essences to support chakra&#039;s and meriadians\" \/>\n<meta name=\"robots\" content=\"index, follow, max-snippet:-1, max-image-preview:large, max-video-preview:-1\" \/>\n<link rel=\"canonical\" href=\"https:\/\/starremediesfloweressences.com\/it\/chakra-essences\/\" \/>\n<meta property=\"og:locale\" content=\"it_IT\" \/>\n<meta property=\"og:type\" content=\"article\" \/>\n<meta property=\"og:title\" content=\"Chakra Essences made with Star Remedies flower essences\" \/>\n<meta property=\"og:description\" content=\"Chakra Essences made with Star Remedies flower essences. 7 unique flower essences to support chakra&#039;s and meriadians\" \/>\n<meta property=\"og:url\" content=\"https:\/\/starremediesfloweressences.com\/it\/chakra-essences\/\" \/>\n<meta property=\"og:site_name\" content=\"Flower Essences made by Madeleine &amp; Micha Meuwessen - Star Remedies\" \/>\n<meta property=\"article:modified_time\" content=\"2024-09-27T08:25:55+00:00\" \/>\n<meta name=\"twitter:card\" content=\"summary_large_image\" \/>\n<meta name=\"twitter:label1\" content=\"Tempo di lettura stimato\" \/>\n\t<meta name=\"twitter:data1\" content=\"4 minuti\" \/>\n<script type=\"application\/ld+json\" class=\"yoast-schema-graph\">{\"@context\":\"https:\\\/\\\/schema.org\",\"@graph\":[{\"@type\":\"WebPage\",\"@id\":\"https:\\\/\\\/starremediesfloweressences.com\\\/chakra-essences\\\/\",\"url\":\"https:\\\/\\\/starremediesfloweressences.com\\\/chakra-essences\\\/\",\"name\":\"Chakra Essences made with Star Remedies flower essences\",\"isPartOf\":{\"@id\":\"https:\\\/\\\/starremediesfloweressences.com\\\/it\\\/#website\"},\"datePublished\":\"2024-09-27T08:25:20+00:00\",\"dateModified\":\"2024-09-27T08:25:55+00:00\",\"description\":\"Chakra Essences made with Star Remedies flower essences. 7 unique flower essences to support chakra's and meriadians\",\"breadcrumb\":{\"@id\":\"https:\\\/\\\/starremediesfloweressences.com\\\/chakra-essences\\\/#breadcrumb\"},\"inLanguage\":\"it-IT\",\"potentialAction\":[{\"@type\":\"ReadAction\",\"target\":[\"https:\\\/\\\/starremediesfloweressences.com\\\/chakra-essences\\\/\"]}]},{\"@type\":\"BreadcrumbList\",\"@id\":\"https:\\\/\\\/starremediesfloweressences.com\\\/chakra-essences\\\/#breadcrumb\",\"itemListElement\":[{\"@type\":\"ListItem\",\"position\":1,\"name\":\"Home\",\"item\":\"https:\\\/\\\/starremediesfloweressences.com\\\/it\\\/\"},{\"@type\":\"ListItem\",\"position\":2,\"name\":\"Chakra Essences\"}]},{\"@type\":\"WebSite\",\"@id\":\"https:\\\/\\\/starremediesfloweressences.com\\\/it\\\/#website\",\"url\":\"https:\\\/\\\/starremediesfloweressences.com\\\/it\\\/\",\"name\":\"Flower Essences made by Madeleine &amp; Micha Meuwessen - Star Remedies\",\"description\":\"\",\"potentialAction\":[{\"@type\":\"SearchAction\",\"target\":{\"@type\":\"EntryPoint\",\"urlTemplate\":\"https:\\\/\\\/starremediesfloweressences.com\\\/it\\\/?s={search_term_string}\"},\"query-input\":{\"@type\":\"PropertyValueSpecification\",\"valueRequired\":true,\"valueName\":\"search_term_string\"}}],\"inLanguage\":\"it-IT\"}]}<\/script>\n<!-- \/ Yoast SEO plugin. -->","yoast_head_json":{"title":"Essenze per i chakra realizzate con le essenze floreali Star Remedies","description":"Essenze Chakra realizzate con le essenze floreali Star Remedies. 7 essenze floreali uniche per sostenere i chakra e le meriadi","robots":{"index":"index","follow":"follow","max-snippet":"max-snippet:-1","max-image-preview":"max-image-preview:large","max-video-preview":"max-video-preview:-1"},"canonical":"https:\/\/starremediesfloweressences.com\/it\/chakra-essences\/","og_locale":"it_IT","og_type":"article","og_title":"Chakra Essences made with Star Remedies flower essences","og_description":"Chakra Essences made with Star Remedies flower essences. 7 unique flower essences to support chakra's and meriadians","og_url":"https:\/\/starremediesfloweressences.com\/it\/chakra-essences\/","og_site_name":"Flower Essences made by Madeleine &amp; Micha Meuwessen - Star Remedies","article_modified_time":"2024-09-27T08:25:55+00:00","twitter_card":"summary_large_image","twitter_misc":{"Tempo di lettura stimato":"4 minuti"},"schema":{"@context":"https:\/\/schema.org","@graph":[{"@type":"WebPage","@id":"https:\/\/starremediesfloweressences.com\/chakra-essences\/","url":"https:\/\/starremediesfloweressences.com\/chakra-essences\/","name":"Essenze per i chakra realizzate con le essenze floreali Star Remedies","isPartOf":{"@id":"https:\/\/starremediesfloweressences.com\/it\/#website"},"datePublished":"2024-09-27T08:25:20+00:00","dateModified":"2024-09-27T08:25:55+00:00","description":"Essenze Chakra realizzate con le essenze floreali Star Remedies. 7 essenze floreali uniche per sostenere i chakra e le meriadi","breadcrumb":{"@id":"https:\/\/starremediesfloweressences.com\/chakra-essences\/#breadcrumb"},"inLanguage":"it-IT","potentialAction":[{"@type":"ReadAction","target":["https:\/\/starremediesfloweressences.com\/chakra-essences\/"]}]},{"@type":"BreadcrumbList","@id":"https:\/\/starremediesfloweressences.com\/chakra-essences\/#breadcrumb","itemListElement":[{"@type":"ListItem","position":1,"name":"Home","item":"https:\/\/starremediesfloweressences.com\/it\/"},{"@type":"ListItem","position":2,"name":"Chakra Essences"}]},{"@type":"WebSite","@id":"https:\/\/starremediesfloweressences.com\/it\/#website","url":"https:\/\/starremediesfloweressences.com\/it\/","name":"Le essenze floreali di Madeleine &amp; Micha Meuwessen - Star Remedies","description":"","potentialAction":[{"@type":"SearchAction","target":{"@type":"EntryPoint","urlTemplate":"https:\/\/starremediesfloweressences.com\/it\/?s={search_term_string}"},"query-input":{"@type":"PropertyValueSpecification","valueRequired":true,"valueName":"search_term_string"}}],"inLanguage":"it-IT"}]}},"_links":{"self":[{"href":"https:\/\/starremediesfloweressences.com\/it\/wp-json\/wp\/v2\/pages\/1070","targetHints":{"allow":["GET"]}}],"collection":[{"href":"https:\/\/starremediesfloweressences.com\/it\/wp-json\/wp\/v2\/pages"}],"about":[{"href":"https:\/\/starremediesfloweressences.com\/it\/wp-json\/wp\/v2\/types\/page"}],"author":[{"embeddable":true,"href":"https:\/\/starremediesfloweressences.com\/it\/wp-json\/wp\/v2\/users\/1"}],"replies":[{"embeddable":true,"href":"https:\/\/starremediesfloweressences.com\/it\/wp-json\/wp\/v2\/comments?post=1070"}],"version-history":[{"count":1,"href":"https:\/\/starremediesfloweressences.com\/it\/wp-json\/wp\/v2\/pages\/1070\/revisions"}],"predecessor-version":[{"id":1071,"href":"https:\/\/starremediesfloweressences.com\/it\/wp-json\/wp\/v2\/pages\/1070\/revisions\/1071"}],"wp:attachment":[{"href":"https:\/\/starremediesfloweressences.com\/it\/wp-json\/wp\/v2\/media?parent=1070"}],"curies":[{"name":"wp","href":"https:\/\/api.w.org\/{rel}","templated":true}]}}