{"id":476,"date":"2019-03-11T14:10:57","date_gmt":"2019-03-11T13:10:57","guid":{"rendered":"https:\/\/starremediesfloweressences.com\/?page_id=476"},"modified":"2024-09-24T13:40:40","modified_gmt":"2024-09-24T11:40:40","slug":"floweressences","status":"publish","type":"page","link":"https:\/\/starremediesfloweressences.com\/fr\/floweressences\/","title":{"rendered":"Essences de fleurs"},"content":{"rendered":"<p>3 Eenheid<br \/>\nD\u00e9sespoir profond, solitude.<br \/>\nRemplace le rem\u00e8de de Bach : ch\u00e2taigne<\/p>\n<p>Aster<br \/>\nPeur des maladies.<br \/>\nRemplace le rem\u00e8de de Bach : Heather<\/p>\n<p>Balans<br \/>\nSurcharge temporaire, fatigue, sentiment du lundi matin.<br \/>\nRemplace le rem\u00e8de de Bach : le charme<\/p>\n<p>Bali<br \/>\nApathie, r\u00e9signation, manque de motivation.<br \/>\nRemplace le rem\u00e8de de Bach : Eglantine<\/p>\n<p>Bescherming<br \/>\nSe sentir heureux et prot\u00e9g\u00e9.<\/p>\n<p>Cl\u00e9matite<br \/>\nVue d'ensemble de votre vie, les deux pieds sur terre.<\/p>\n<p>Le bouillon de culture de Dagkoekoeks<br \/>\nManque de confiance en soi, ins\u00e9curit\u00e9.<br \/>\nRemplace le rem\u00e8de de Bach : M\u00e9l\u00e8ze<\/p>\n<p>Daslook<br \/>\nAura Protector, Grounded, Here and Now.<\/p>\n<p>Dotterbloem<br \/>\nImpatient.<br \/>\nRemplace le rem\u00e8de de Bach : Impatients<\/p>\n<p>Duizendblad<br \/>\n\u00c9liminez-vous, vous n'avez pas de fronti\u00e8res propres.<br \/>\nRemplace le Bach Remedy : Centaur\u00e9e<\/p>\n<p>Duizendknoop<br \/>\nInqui\u00e9tude cach\u00e9e, haine de la dispute.<br \/>\nRemplace le rem\u00e8de de Bach : Aigremoine<\/p>\n<p>Eerste Hulp Essence<br \/>\nmignonne cicatrice violente, urgences \u00e9motionnelles, messages graves aux blessures corporelles, br\u00fblures et accidents<br \/>\nRemplace Bach Remedy : Rescue Remedy<\/p>\n<p>Eucalypthus<br \/>\nFiert\u00e9, distance, retrait.<br \/>\nRemplace le rem\u00e8de de Bach : Violet d'eau<\/p>\n<p>Fluitenkruid<br \/>\nBonne estime de soi, accepter.<\/p>\n<p>Gebroken Hartje<br \/>\nPrise de conscience des anciennes douleurs \u00e9motionnelles existantes dans le corps.<\/p>\n<p>Gele Meibloem<br \/>\nM\u00e9diocre, mais bien intentionn\u00e9.<br \/>\nRemplace le rem\u00e8de de Bach : Chicor\u00e9e<\/p>\n<p>Genadekruid<br \/>\nLe ressentiment, l'amertume.<br \/>\nRemplace le rem\u00e8de de Bach : Saule<\/p>\n<p>Herfstaster<br \/>\n\u00c9mergence de votre spiritualit\u00e9 \"enfantine\".<\/p>\n<p>Het Kind<br \/>\n\u00c9puis\u00e9, fatigu\u00e9.<br \/>\nRemplace le rem\u00e8de de Bach : Olive<\/p>\n<p>Hortensia<br \/>\nNe pas pouvoir choisir parmi de nombreuses options.<br \/>\nRemplace le rem\u00e8de de Bach : Avoine sauvage<\/p>\n<p>Hosta<br \/>\nDes peurs indicibles, un sentiment d'ins\u00e9curit\u00e9.<br \/>\nRemplace le rem\u00e8de de Bach : Tremble<\/p>\n<p>Houttuynia Cordata<br \/>\nPens\u00e9es de broyage.<br \/>\nRemplace le rem\u00e8de de Bach : Marron blanc<\/p>\n<p>Immortelle<br \/>\nD\u00e9pression de cause inconnue.<br \/>\nRemplace le rem\u00e8de de Bach : Moutarde<\/p>\n<p>Amandes indon\u00e9siennes<br \/>\nEnl\u00e8ve les vieilles douleurs, dignit\u00e9 int\u00e9rieure.<\/p>\n<p>Ism\u00e8ne<br \/>\nAbsent, r\u00eaveur.<br \/>\nRemplace le rem\u00e8de de Bach : Cl\u00e9matite<\/p>\n<p>Kerspruim<br \/>\nTension extr\u00eame, se ronger les ongles, faire pipi au lit, obsessions.<br \/>\nRemplace le rem\u00e8de de Bach : Cherry Plum<\/p>\n<p>Remboursement des frais d'inscription<br \/>\nPerte soudaine de connaissance, \u00e9puisement temporaire, stress.<br \/>\nRemplace le rem\u00e8de de Bach : Orme<\/p>\n<p>Code de conduite 2<br \/>\nPanne d'\u00e9lectricit\u00e9, d\u00e9bit irr\u00e9gulier, stress.<br \/>\nRemplace le rem\u00e8de de Bach : Orme<\/p>\n<p>Koningin van de Kusten<br \/>\nJe ne supporte pas l'injustice.<br \/>\nRemplace le rem\u00e8de de Bach : Verveine<\/p>\n<p>Koraalcactus<br \/>\nobturateur d'aura. Rien ne peut vous perturber.<\/p>\n<p>Kruidje roer me niet<br \/>\nAcc\u00e9l\u00e9ration du processus de gu\u00e9rison, protection et soutien.<\/p>\n<p>Liefde &amp; Hoop<br \/>\nLa panique. Les crises de panique.<br \/>\nRemplace le Bach Remedy : Ciste<\/p>\n<p>Loodkruid<br \/>\nNe vous fiez pas \u00e0 votre intuition, \u00e0 l'incertitude.<br \/>\nRemplace le Bach Remedy : Cerato<\/p>\n<p>Maan<br \/>\nD\u00e9veloppement de l'\u00e2me croissance spirituelle.<\/p>\n<p>Madelief<br \/>\n\u00c9puisement, continuer, travailler.<br \/>\nRemplace le rem\u00e8de de Bach : Ch\u00eane<\/p>\n<p>Maskerbloem<br \/>\nDes peurs nommables.<br \/>\nRemplace le rem\u00e8de de Bach : Mimulus<\/p>\n<p>Meesterbloem<br \/>\nPermet de comprendre les \u00e9motions cach\u00e9es.<br \/>\nRemplace le rem\u00e8de de Bach : Marron Rouge<\/p>\n<p>Meibloem<br \/>\nM\u00e9diocre, mais bien intentionn\u00e9.<br \/>\nRemplace le rem\u00e8de de Bach : Chicor\u00e9e<\/p>\n<p>Moederkruid<br \/>\nLe mal du pays, le regret.<br \/>\nRemplace le rem\u00e8de de Bach : Ch\u00e8vrefeuille<\/p>\n<p>Papaver<br \/>\nD\u00e9pression dont la cause est connue, sans issue, sans confiance.<br \/>\nRemplace le rem\u00e8de de Bach : Gentiane<\/p>\n<p>Pair<br \/>\nLe d\u00e9sespoir, l'absence d'issue.<br \/>\nRemplace le rem\u00e8de de Bach : Gorse<\/p>\n<p>Protectie<br \/>\nProtecteur d'aura.<\/p>\n<p>Puur<br \/>\n\u00catre tr\u00e8s exigeant envers soi-m\u00eame et envers les autres.<br \/>\nRemplace le rem\u00e8de de Bach : Eau de roche<\/p>\n<p>Riet<br \/>\nIncertain, ne pas pouvoir choisir entre 2 choses, pendant la grossesse, pendant le mal des transports.<br \/>\nRemplace le rem\u00e8de de Bach : Scleranthus<\/p>\n<p>Roos<br \/>\nTrop critique, intol\u00e9rant.<br \/>\nRemplace le rem\u00e8de de Bach : Beech<\/p>\n<p>Roze Duizendblad<br \/>\nProtection contre l'entourage, protection contre les \u00e9motions des personnes proches.<\/p>\n<p>Sneeuwklokje<br \/>\nAide \u00e0 r\u00e9tablir les barri\u00e8res \u00e9motionnelles, \u00e0 lib\u00e9rer et \u00e0 clarifier.<\/p>\n<p>\u00c9toile de Bethl\u00e9em<br \/>\nChoc psychologique, traumatisme, deuil soudain, traumatisme de la naissance, doudou.<br \/>\nRemplace Bach Remedy : Star of Bethlehem<\/p>\n<p>Turkoois<br \/>\nChangement de vie.<br \/>\nRemplace le rem\u00e8de de Bach : Noyer<\/p>\n<p>Valeriaan<br \/>\nIl r\u00e9\u00e9crit en quelque sorte le plan de la famille.<\/p>\n<p>Vergeving<br \/>\nJalousie, col\u00e8re f\u00e9roce.<br \/>\nRemplace le rem\u00e8de de Bach : Holly<\/p>\n<p>Vlinderstruik<br \/>\nFaire les m\u00eames erreurs \u00e0 plusieurs reprises, apprendre les difficult\u00e9s, penser \u00e0 l'avenir.<br \/>\nRemplace le rem\u00e8de de Bach : Bourgeon de ch\u00e2taignier<\/p>\n<p>Tableau d'affichage<br \/>\nDominateur, r\u00e9gulateur, soif de pouvoir.<br \/>\nRemplace le rem\u00e8de de Bach : Vigne<\/p>\n<p>Vuurdoorn<br \/>\nFait preuve de compassion envers les autres et envers soi-m\u00eame.<br \/>\nRemplace le rem\u00e8de de Bach : Pin<\/p>\n<p>Waterlelie<br \/>\nIl donne de l'espoir pour le pr\u00e9sent et l'avenir.<\/p>\n<p>Wilde Appel<br \/>\nSentiments d'impuret\u00e9, peur de la contamination.<br \/>\nRemplace le rem\u00e8de de Bach : Pomme de Crabe<\/p>\n<p>Zelf<br \/>\nBase. Exp\u00e9riences : Puissance, nettoyage, rangement, mise \u00e0 la terre, amour propre, pouvoir propre, force, vie, confiance en soi.<\/p>\n<p>&nbsp;<\/p>","protected":false},"excerpt":{"rendered":"<p>3 Eenheid Deep despair, Loneliness. Replaces Bach Remedy: Sweet Chestnut Aster Fear of diseases. Replaces Bach Remedy: Heather Balans Temporarily overloaded, fatigue, Monday morning feeling. Replaces Bach Remedy: Hornbeam Bali Apathy, resignation, lack of motivation. Replaces Bach Remedy: Wild Rose Bescherming Feeling happy and protected. Clematis Overview about your life, both feet on the ground. [&hellip;]<\/p>\n","protected":false},"author":1,"featured_media":0,"parent":0,"menu_order":0,"comment_status":"closed","ping_status":"closed","template":"","meta":{"_acf_changed":false,"footnotes":""},"class_list":["post-476","page","type-page","status-publish","hentry"],"acf":[],"yoast_head":"<!-- This site is optimized with the Yoast SEO plugin v27.3 - https:\/\/yoast.com\/product\/yoast-seo-wordpress\/ -->\n<title>Flower Essences - Flower Essences made by Madeleine &amp; Micha Meuwessen - Star Remedies<\/title>\n<meta name=\"description\" content=\"The complete overview of all flower essences made in the Netherlands and the rest of the world. Read more about their unique qualities and characteristics.\" \/>\n<meta name=\"robots\" content=\"index, follow, max-snippet:-1, max-image-preview:large, max-video-preview:-1\" \/>\n<link rel=\"canonical\" href=\"https:\/\/starremediesfloweressences.com\/fr\/floweressences\/\" \/>\n<meta property=\"og:locale\" content=\"fr_FR\" \/>\n<meta property=\"og:type\" content=\"article\" \/>\n<meta property=\"og:title\" content=\"Flower Essences - Flower Essences made by Madeleine &amp; Micha Meuwessen - Star Remedies\" \/>\n<meta property=\"og:description\" content=\"The complete overview of all flower essences made in the Netherlands and the rest of the world. Read more about their unique qualities and characteristics.\" \/>\n<meta property=\"og:url\" content=\"https:\/\/starremediesfloweressences.com\/fr\/floweressences\/\" \/>\n<meta property=\"og:site_name\" content=\"Flower Essences made by Madeleine &amp; Micha Meuwessen - Star Remedies\" \/>\n<meta property=\"article:modified_time\" content=\"2024-09-24T11:40:40+00:00\" \/>\n<meta name=\"twitter:card\" content=\"summary_large_image\" \/>\n<meta name=\"twitter:label1\" content=\"Dur\u00e9e de lecture estim\u00e9e\" \/>\n\t<meta name=\"twitter:data1\" content=\"14 minutes\" \/>\n<script type=\"application\/ld+json\" class=\"yoast-schema-graph\">{\"@context\":\"https:\\\/\\\/schema.org\",\"@graph\":[{\"@type\":\"WebPage\",\"@id\":\"https:\\\/\\\/starremediesfloweressences.com\\\/floweressences\\\/\",\"url\":\"https:\\\/\\\/starremediesfloweressences.com\\\/floweressences\\\/\",\"name\":\"Flower Essences - Flower Essences made by Madeleine &amp; Micha Meuwessen - Star Remedies\",\"isPartOf\":{\"@id\":\"https:\\\/\\\/starremediesfloweressences.com\\\/it\\\/#website\"},\"datePublished\":\"2019-03-11T13:10:57+00:00\",\"dateModified\":\"2024-09-24T11:40:40+00:00\",\"description\":\"The complete overview of all flower essences made in the Netherlands and the rest of the world. Read more about their unique qualities and characteristics.\",\"breadcrumb\":{\"@id\":\"https:\\\/\\\/starremediesfloweressences.com\\\/floweressences\\\/#breadcrumb\"},\"inLanguage\":\"fr-FR\",\"potentialAction\":[{\"@type\":\"ReadAction\",\"target\":[\"https:\\\/\\\/starremediesfloweressences.com\\\/floweressences\\\/\"]}]},{\"@type\":\"BreadcrumbList\",\"@id\":\"https:\\\/\\\/starremediesfloweressences.com\\\/floweressences\\\/#breadcrumb\",\"itemListElement\":[{\"@type\":\"ListItem\",\"position\":1,\"name\":\"Home\",\"item\":\"https:\\\/\\\/starremediesfloweressences.com\\\/it\\\/\"},{\"@type\":\"ListItem\",\"position\":2,\"name\":\"Flower Essences\"}]},{\"@type\":\"WebSite\",\"@id\":\"https:\\\/\\\/starremediesfloweressences.com\\\/it\\\/#website\",\"url\":\"https:\\\/\\\/starremediesfloweressences.com\\\/it\\\/\",\"name\":\"Flower Essences made by Madeleine &amp; Micha Meuwessen - Star Remedies\",\"description\":\"\",\"potentialAction\":[{\"@type\":\"SearchAction\",\"target\":{\"@type\":\"EntryPoint\",\"urlTemplate\":\"https:\\\/\\\/starremediesfloweressences.com\\\/it\\\/?s={search_term_string}\"},\"query-input\":{\"@type\":\"PropertyValueSpecification\",\"valueRequired\":true,\"valueName\":\"search_term_string\"}}],\"inLanguage\":\"fr-FR\"}]}<\/script>\n<!-- \/ Yoast SEO plugin. -->","yoast_head_json":{"title":"Essences de fleurs - Essences de fleurs de Madeleine &amp; Micha Meuwessen - Star Remedies","description":"L'aper\u00e7u complet de toutes les essences de fleurs fabriqu\u00e9es aux Pays-Bas et dans le reste du monde. En savoir plus sur leurs qualit\u00e9s et caract\u00e9ristiques uniques.","robots":{"index":"index","follow":"follow","max-snippet":"max-snippet:-1","max-image-preview":"max-image-preview:large","max-video-preview":"max-video-preview:-1"},"canonical":"https:\/\/starremediesfloweressences.com\/fr\/floweressences\/","og_locale":"fr_FR","og_type":"article","og_title":"Flower Essences - Flower Essences made by Madeleine &amp; Micha Meuwessen - Star Remedies","og_description":"The complete overview of all flower essences made in the Netherlands and the rest of the world. Read more about their unique qualities and characteristics.","og_url":"https:\/\/starremediesfloweressences.com\/fr\/floweressences\/","og_site_name":"Flower Essences made by Madeleine &amp; Micha Meuwessen - Star Remedies","article_modified_time":"2024-09-24T11:40:40+00:00","twitter_card":"summary_large_image","twitter_misc":{"Dur\u00e9e de lecture estim\u00e9e":"14 minutes"},"schema":{"@context":"https:\/\/schema.org","@graph":[{"@type":"WebPage","@id":"https:\/\/starremediesfloweressences.com\/floweressences\/","url":"https:\/\/starremediesfloweressences.com\/floweressences\/","name":"Essences de fleurs - Essences de fleurs de Madeleine &amp; Micha Meuwessen - Star Remedies","isPartOf":{"@id":"https:\/\/starremediesfloweressences.com\/it\/#website"},"datePublished":"2019-03-11T13:10:57+00:00","dateModified":"2024-09-24T11:40:40+00:00","description":"L'aper\u00e7u complet de toutes les essences de fleurs fabriqu\u00e9es aux Pays-Bas et dans le reste du monde. En savoir plus sur leurs qualit\u00e9s et caract\u00e9ristiques uniques.","breadcrumb":{"@id":"https:\/\/starremediesfloweressences.com\/floweressences\/#breadcrumb"},"inLanguage":"fr-FR","potentialAction":[{"@type":"ReadAction","target":["https:\/\/starremediesfloweressences.com\/floweressences\/"]}]},{"@type":"BreadcrumbList","@id":"https:\/\/starremediesfloweressences.com\/floweressences\/#breadcrumb","itemListElement":[{"@type":"ListItem","position":1,"name":"Home","item":"https:\/\/starremediesfloweressences.com\/it\/"},{"@type":"ListItem","position":2,"name":"Flower Essences"}]},{"@type":"WebSite","@id":"https:\/\/starremediesfloweressences.com\/it\/#website","url":"https:\/\/starremediesfloweressences.com\/it\/","name":"Essences de fleurs de Madeleine &amp; Micha Meuwessen - Star Remedies","description":"","potentialAction":[{"@type":"SearchAction","target":{"@type":"EntryPoint","urlTemplate":"https:\/\/starremediesfloweressences.com\/it\/?s={search_term_string}"},"query-input":{"@type":"PropertyValueSpecification","valueRequired":true,"valueName":"search_term_string"}}],"inLanguage":"fr-FR"}]}},"_links":{"self":[{"href":"https:\/\/starremediesfloweressences.com\/fr\/wp-json\/wp\/v2\/pages\/476","targetHints":{"allow":["GET"]}}],"collection":[{"href":"https:\/\/starremediesfloweressences.com\/fr\/wp-json\/wp\/v2\/pages"}],"about":[{"href":"https:\/\/starremediesfloweressences.com\/fr\/wp-json\/wp\/v2\/types\/page"}],"author":[{"embeddable":true,"href":"https:\/\/starremediesfloweressences.com\/fr\/wp-json\/wp\/v2\/users\/1"}],"replies":[{"embeddable":true,"href":"https:\/\/starremediesfloweressences.com\/fr\/wp-json\/wp\/v2\/comments?post=476"}],"version-history":[{"count":6,"href":"https:\/\/starremediesfloweressences.com\/fr\/wp-json\/wp\/v2\/pages\/476\/revisions"}],"predecessor-version":[{"id":1037,"href":"https:\/\/starremediesfloweressences.com\/fr\/wp-json\/wp\/v2\/pages\/476\/revisions\/1037"}],"wp:attachment":[{"href":"https:\/\/starremediesfloweressences.com\/fr\/wp-json\/wp\/v2\/media?parent=476"}],"curies":[{"name":"wp","href":"https:\/\/api.w.org\/{rel}","templated":true}]}}