{"id":1070,"date":"2024-09-27T10:25:20","date_gmt":"2024-09-27T08:25:20","guid":{"rendered":"https:\/\/temp777.starremediesfloweressences.com\/?page_id=1070"},"modified":"2024-09-27T10:25:55","modified_gmt":"2024-09-27T08:25:55","slug":"chakra-essences","status":"publish","type":"page","link":"https:\/\/starremediesfloweressences.com\/fr\/chakra-essences\/","title":{"rendered":"Essences de chakra"},"content":{"rendered":"<p>Combinaison de base<br \/>\nPaix \u00e9motionnelle et relaxation totales<\/p>\n<p>Combinaison 1<br \/>\nR\u00e9duire les sentiments d\u00e9sagr\u00e9ables dont la cause est connue ou les sentiments d\u00e9sagr\u00e9ables pour soi-m\u00eame ; manque de joie de vivre ; mieux faire face aux t\u00e2ches (activit\u00e9s) impos\u00e9es<\/p>\n<p>Combinaison 2<br \/>\nPlus de confiance ; moins de col\u00e8re ; plus d'\u00e9nergie ; mieux g\u00e9rer les t\u00e2ches (activit\u00e9s) impos\u00e9es.<\/p>\n<p>Combinaison 3<br \/>\nMieux se d\u00e9finir ; consolation ; amour de soi ; moins de col\u00e8re<\/p>\n<p>Combinaison 4<br \/>\nRelaxation physique ; consolation ; panique ; gestion des soucis et des doutes.<\/p>\n<p>Combinaison 5<br \/>\nIntuition forte, confiance en ses propres forces, clart\u00e9 dans la t\u00eate, espoir.<\/p>\n<p>Combinaison 6<br \/>\nL'esprit de d\u00e9cision, la capacit\u00e9 \u00e0 faire des choix, le fait d'\u00eatre moins strict envers soi-m\u00eame, la mise en perspective, l'espoir.<\/p>\n<p>Combinaison 7<br \/>\nMieux vaut faire face \u00e0 l'injustice, au repos de la t\u00eate, \u00e0 la consolation, \u00e0 l'exc\u00e8s d'enthousiasme.<\/p>\n<p>Combinaison 8<br \/>\nChangement(s) dans votre vie ; gestion des soucis et des doutes ; solitude ; mieux g\u00e9rer l'injustice ; exc\u00e8s d'enthousiasme.<\/p>\n<p>Combinaison 9<br \/>\nam\u00e9liorer les contacts interpersonnels ; \u00eatre moins critique ; avoir une vue d'ensemble de sa propre vie ; changement(s) dans sa vie.<\/p>\n<p>Combinaison 10<br \/>\nPlus de paix int\u00e9rieure, moins d'agitation ; meilleur \u00e9quilibre entre travail et plaisir ; relaxation des muscles ; sentiment de s\u00e9curit\u00e9 dans l'obscurit\u00e9.<\/p>\n<p>Combinaison 11<br \/>\nLes deux jambes sont au sol ; moins de r\u00eave ; plus de joie de vivre ; sentiment de s\u00e9curit\u00e9 ; sentiment de s\u00e9curit\u00e9 dans l'obscurit\u00e9.<\/p>\n<p>Combinaison 12<br \/>\n\u00catre capable de se laisser aller \u00e0 l'amour ; \u00eatre moins pr\u00e9occup\u00e9 par les autres ; traiter le mal du pays ; changement(s) dans votre vie.<\/p>\n<p>Combinaison d'examens<br \/>\nLes tensions li\u00e9es aux examens, mais aussi les personnes qui ont des difficult\u00e9s avec les conversations t\u00e9l\u00e9phoniques, la prise de parole en public, le trac sur sc\u00e8ne ou la pr\u00e9paration d'un entretien d'embauche ou d'une audition.<\/p>","protected":false},"excerpt":{"rendered":"<p>Basic Combination Total emotional peace and relaxation Combination 1 Reducing unpleasant feelings of known cause or unpleasant feelings for yourself; lack of joy of life; deal better with imposed tasks (activities) Combination 2 More trust; less anger; more energy; deal better with imposed tasks (activities). Combination 3 Define yourself better; consolation; love for yourself; less [&hellip;]<\/p>\n","protected":false},"author":1,"featured_media":0,"parent":0,"menu_order":0,"comment_status":"closed","ping_status":"closed","template":"","meta":{"_acf_changed":false,"footnotes":""},"class_list":["post-1070","page","type-page","status-publish","hentry"],"acf":[],"yoast_head":"<!-- This site is optimized with the Yoast SEO plugin v27.3 - https:\/\/yoast.com\/product\/yoast-seo-wordpress\/ -->\n<title>Chakra Essences made with Star Remedies flower essences<\/title>\n<meta name=\"description\" content=\"Chakra Essences made with Star Remedies flower essences. 7 unique flower essences to support chakra&#039;s and meriadians\" \/>\n<meta name=\"robots\" content=\"index, follow, max-snippet:-1, max-image-preview:large, max-video-preview:-1\" \/>\n<link rel=\"canonical\" href=\"https:\/\/starremediesfloweressences.com\/fr\/chakra-essences\/\" \/>\n<meta property=\"og:locale\" content=\"fr_FR\" \/>\n<meta property=\"og:type\" content=\"article\" \/>\n<meta property=\"og:title\" content=\"Chakra Essences made with Star Remedies flower essences\" \/>\n<meta property=\"og:description\" content=\"Chakra Essences made with Star Remedies flower essences. 7 unique flower essences to support chakra&#039;s and meriadians\" \/>\n<meta property=\"og:url\" content=\"https:\/\/starremediesfloweressences.com\/fr\/chakra-essences\/\" \/>\n<meta property=\"og:site_name\" content=\"Flower Essences made by Madeleine &amp; Micha Meuwessen - Star Remedies\" \/>\n<meta property=\"article:modified_time\" content=\"2024-09-27T08:25:55+00:00\" \/>\n<meta name=\"twitter:card\" content=\"summary_large_image\" \/>\n<meta name=\"twitter:label1\" content=\"Dur\u00e9e de lecture estim\u00e9e\" \/>\n\t<meta name=\"twitter:data1\" content=\"4 minutes\" \/>\n<script type=\"application\/ld+json\" class=\"yoast-schema-graph\">{\"@context\":\"https:\\\/\\\/schema.org\",\"@graph\":[{\"@type\":\"WebPage\",\"@id\":\"https:\\\/\\\/starremediesfloweressences.com\\\/chakra-essences\\\/\",\"url\":\"https:\\\/\\\/starremediesfloweressences.com\\\/chakra-essences\\\/\",\"name\":\"Chakra Essences made with Star Remedies flower essences\",\"isPartOf\":{\"@id\":\"https:\\\/\\\/starremediesfloweressences.com\\\/it\\\/#website\"},\"datePublished\":\"2024-09-27T08:25:20+00:00\",\"dateModified\":\"2024-09-27T08:25:55+00:00\",\"description\":\"Chakra Essences made with Star Remedies flower essences. 7 unique flower essences to support chakra's and meriadians\",\"breadcrumb\":{\"@id\":\"https:\\\/\\\/starremediesfloweressences.com\\\/chakra-essences\\\/#breadcrumb\"},\"inLanguage\":\"fr-FR\",\"potentialAction\":[{\"@type\":\"ReadAction\",\"target\":[\"https:\\\/\\\/starremediesfloweressences.com\\\/chakra-essences\\\/\"]}]},{\"@type\":\"BreadcrumbList\",\"@id\":\"https:\\\/\\\/starremediesfloweressences.com\\\/chakra-essences\\\/#breadcrumb\",\"itemListElement\":[{\"@type\":\"ListItem\",\"position\":1,\"name\":\"Home\",\"item\":\"https:\\\/\\\/starremediesfloweressences.com\\\/it\\\/\"},{\"@type\":\"ListItem\",\"position\":2,\"name\":\"Chakra Essences\"}]},{\"@type\":\"WebSite\",\"@id\":\"https:\\\/\\\/starremediesfloweressences.com\\\/it\\\/#website\",\"url\":\"https:\\\/\\\/starremediesfloweressences.com\\\/it\\\/\",\"name\":\"Flower Essences made by Madeleine &amp; Micha Meuwessen - Star Remedies\",\"description\":\"\",\"potentialAction\":[{\"@type\":\"SearchAction\",\"target\":{\"@type\":\"EntryPoint\",\"urlTemplate\":\"https:\\\/\\\/starremediesfloweressences.com\\\/it\\\/?s={search_term_string}\"},\"query-input\":{\"@type\":\"PropertyValueSpecification\",\"valueRequired\":true,\"valueName\":\"search_term_string\"}}],\"inLanguage\":\"fr-FR\"}]}<\/script>\n<!-- \/ Yoast SEO plugin. -->","yoast_head_json":{"title":"Chakra Essences \u00e0 base d'essences de fleurs Star Remedies","description":"Essences pour chakras \u00e0 base d'essences de fleurs de Star Remedies. 7 essences de fleurs uniques pour soutenir les chakras et les m\u00e9ridiens","robots":{"index":"index","follow":"follow","max-snippet":"max-snippet:-1","max-image-preview":"max-image-preview:large","max-video-preview":"max-video-preview:-1"},"canonical":"https:\/\/starremediesfloweressences.com\/fr\/chakra-essences\/","og_locale":"fr_FR","og_type":"article","og_title":"Chakra Essences made with Star Remedies flower essences","og_description":"Chakra Essences made with Star Remedies flower essences. 7 unique flower essences to support chakra's and meriadians","og_url":"https:\/\/starremediesfloweressences.com\/fr\/chakra-essences\/","og_site_name":"Flower Essences made by Madeleine &amp; Micha Meuwessen - Star Remedies","article_modified_time":"2024-09-27T08:25:55+00:00","twitter_card":"summary_large_image","twitter_misc":{"Dur\u00e9e de lecture estim\u00e9e":"4 minutes"},"schema":{"@context":"https:\/\/schema.org","@graph":[{"@type":"WebPage","@id":"https:\/\/starremediesfloweressences.com\/chakra-essences\/","url":"https:\/\/starremediesfloweressences.com\/chakra-essences\/","name":"Chakra Essences \u00e0 base d'essences de fleurs Star Remedies","isPartOf":{"@id":"https:\/\/starremediesfloweressences.com\/it\/#website"},"datePublished":"2024-09-27T08:25:20+00:00","dateModified":"2024-09-27T08:25:55+00:00","description":"Essences pour chakras \u00e0 base d'essences de fleurs de Star Remedies. 7 essences de fleurs uniques pour soutenir les chakras et les m\u00e9ridiens","breadcrumb":{"@id":"https:\/\/starremediesfloweressences.com\/chakra-essences\/#breadcrumb"},"inLanguage":"fr-FR","potentialAction":[{"@type":"ReadAction","target":["https:\/\/starremediesfloweressences.com\/chakra-essences\/"]}]},{"@type":"BreadcrumbList","@id":"https:\/\/starremediesfloweressences.com\/chakra-essences\/#breadcrumb","itemListElement":[{"@type":"ListItem","position":1,"name":"Home","item":"https:\/\/starremediesfloweressences.com\/it\/"},{"@type":"ListItem","position":2,"name":"Chakra Essences"}]},{"@type":"WebSite","@id":"https:\/\/starremediesfloweressences.com\/it\/#website","url":"https:\/\/starremediesfloweressences.com\/it\/","name":"Essences de fleurs de Madeleine &amp; Micha Meuwessen - Star Remedies","description":"","potentialAction":[{"@type":"SearchAction","target":{"@type":"EntryPoint","urlTemplate":"https:\/\/starremediesfloweressences.com\/it\/?s={search_term_string}"},"query-input":{"@type":"PropertyValueSpecification","valueRequired":true,"valueName":"search_term_string"}}],"inLanguage":"fr-FR"}]}},"_links":{"self":[{"href":"https:\/\/starremediesfloweressences.com\/fr\/wp-json\/wp\/v2\/pages\/1070","targetHints":{"allow":["GET"]}}],"collection":[{"href":"https:\/\/starremediesfloweressences.com\/fr\/wp-json\/wp\/v2\/pages"}],"about":[{"href":"https:\/\/starremediesfloweressences.com\/fr\/wp-json\/wp\/v2\/types\/page"}],"author":[{"embeddable":true,"href":"https:\/\/starremediesfloweressences.com\/fr\/wp-json\/wp\/v2\/users\/1"}],"replies":[{"embeddable":true,"href":"https:\/\/starremediesfloweressences.com\/fr\/wp-json\/wp\/v2\/comments?post=1070"}],"version-history":[{"count":1,"href":"https:\/\/starremediesfloweressences.com\/fr\/wp-json\/wp\/v2\/pages\/1070\/revisions"}],"predecessor-version":[{"id":1071,"href":"https:\/\/starremediesfloweressences.com\/fr\/wp-json\/wp\/v2\/pages\/1070\/revisions\/1071"}],"wp:attachment":[{"href":"https:\/\/starremediesfloweressences.com\/fr\/wp-json\/wp\/v2\/media?parent=1070"}],"curies":[{"name":"wp","href":"https:\/\/api.w.org\/{rel}","templated":true}]}}