{"id":615,"date":"2019-06-11T15:17:27","date_gmt":"2019-06-11T13:17:27","guid":{"rendered":"https:\/\/starremediesfloweressences.com\/?page_id=615"},"modified":"2021-12-30T13:47:48","modified_gmt":"2021-12-30T12:47:48","slug":"combinationessences","status":"publish","type":"page","link":"https:\/\/starremediesfloweressences.com\/es\/combinationessences\/","title":{"rendered":"Esencias combinadas"},"content":{"rendered":"<p>Combinaci\u00f3n b\u00e1sica<br \/>\nPaz emocional y relajaci\u00f3n totales<\/p>\n<p>Combinaci\u00f3n 1<br \/>\nReducir sentimientos desagradables de causa conocida o sentimientos desagradables para uno mismo; falta de alegr\u00eda de vivir; afrontar mejor las tareas (actividades) impuestas.<\/p>\n<p>Combinaci\u00f3n 2<br \/>\nM\u00e1s confianza; menos enfado; m\u00e1s energ\u00eda; afrontar mejor las tareas (actividades) impuestas.<\/p>\n<p>Combinaci\u00f3n 3<br \/>\nDefinirse mejor; consuelo; amor por uno mismo; menos ira<\/p>\n<p>Combinaci\u00f3n 4<br \/>\nRelajaci\u00f3n f\u00edsica; consuelo; p\u00e1nico; tratamiento de preocupaciones y dudas.<\/p>\n<p>Combinaci\u00f3n 5<br \/>\nIntuici\u00f3n fuerte; estar en tu propia fuerza; brillo en la cabeza; esperanza.<\/p>\n<p>Combinaci\u00f3n 6<br \/>\nDecisi\u00f3n; capacidad de elegir; menos estricto consigo mismo; ver las cosas con perspectiva; esperanza.<\/p>\n<p>Combinaci\u00f3n 7<br \/>\nMejor hacer frente a la injusticia; descanso en la cabeza; consuelo; exceso de entusiasmo.<\/p>\n<p>Combinaci\u00f3n 8<br \/>\nCambio(s) en su vida; afrontar preocupaciones y dudas; soledad; afrontar mejor la injusticia; exceso de entusiasmo.<\/p>\n<p>Combinaci\u00f3n 9<br \/>\nmejorar los contactos interpersonales; ser menos cr\u00edtico; obtener una visi\u00f3n general de su propia vida; cambio(s) en su vida.<\/p>\n<p>Combinaci\u00f3n 10<br \/>\nM\u00e1s paz interior, menos inquietud; mejor equilibrio entre trabajo y placer; relajaci\u00f3n de los m\u00fasculos; sentirse seguro en la oscuridad.<\/p>\n<p>Combinaci\u00f3n 11<br \/>\nLas dos piernas en el suelo; menos sue\u00f1o; m\u00e1s alegr\u00eda de vivir; sentirse seguro; sentirse seguro en la oscuridad.<\/p>\n<p>Combinaci\u00f3n 12<br \/>\nSer capaz de soltarse en el amor; menos preocupaci\u00f3n excesiva por los dem\u00e1s; procesar la nostalgia; Cambio(s) en tu vida.<\/p>\n<p>Combinaci\u00f3n de ex\u00e1menes<br \/>\nLas tensiones de los ex\u00e1menes, pero tambi\u00e9n para quienes tienen dificultades con las conversaciones telef\u00f3nicas, hablar en p\u00fablico, los nervios esc\u00e9nicos o el aspecto ante una entrevista de trabajo o una audici\u00f3n.<\/p>","protected":false},"excerpt":{"rendered":"<p>Basic Combination Total emotional peace and relaxation Combination 1 Reducing unpleasant feelings of known cause or unpleasant feelings for yourself; lack of joy of life; deal better with imposed tasks (activities) Combination 2 More trust; less anger; more energy; deal better with imposed tasks (activities). Combination 3 Define yourself better; consolation; love for yourself; less [&hellip;]<\/p>\n","protected":false},"author":1,"featured_media":0,"parent":0,"menu_order":0,"comment_status":"closed","ping_status":"closed","template":"","meta":{"_acf_changed":false,"footnotes":""},"class_list":["post-615","page","type-page","status-publish","hentry"],"acf":[],"yoast_head":"<!-- This site is optimized with the Yoast SEO plugin v27.4 - https:\/\/yoast.com\/product\/yoast-seo-wordpress\/ -->\n<title>Combination Essences made with Star Remedies flower essences<\/title>\n<meta name=\"description\" content=\"Combination Essences made with Star Remedies flower essences. 14 unique flower essence combination ready-to-use on a daily base to support your emotions.\" \/>\n<meta name=\"robots\" content=\"index, follow, max-snippet:-1, max-image-preview:large, max-video-preview:-1\" \/>\n<link rel=\"canonical\" href=\"https:\/\/starremediesfloweressences.com\/es\/combinationessences\/\" \/>\n<meta property=\"og:locale\" content=\"es_ES\" \/>\n<meta property=\"og:type\" content=\"article\" \/>\n<meta property=\"og:title\" content=\"Combination Essences made with Star Remedies flower essences\" \/>\n<meta property=\"og:description\" content=\"Combination Essences made with Star Remedies flower essences. 14 unique flower essence combination ready-to-use on a daily base to support your emotions.\" \/>\n<meta property=\"og:url\" content=\"https:\/\/starremediesfloweressences.com\/es\/combinationessences\/\" \/>\n<meta property=\"og:site_name\" content=\"Flower Essences made by Madeleine &amp; Micha Meuwessen - Star Remedies\" \/>\n<meta property=\"article:modified_time\" content=\"2021-12-30T12:47:48+00:00\" \/>\n<meta name=\"twitter:card\" content=\"summary_large_image\" \/>\n<meta name=\"twitter:label1\" content=\"Tiempo de lectura\" \/>\n\t<meta name=\"twitter:data1\" content=\"2 minutos\" \/>\n<script type=\"application\/ld+json\" class=\"yoast-schema-graph\">{\"@context\":\"https:\\\/\\\/schema.org\",\"@graph\":[{\"@type\":\"WebPage\",\"@id\":\"https:\\\/\\\/starremediesfloweressences.com\\\/combinationessences\\\/\",\"url\":\"https:\\\/\\\/starremediesfloweressences.com\\\/combinationessences\\\/\",\"name\":\"Combination Essences made with Star Remedies flower essences\",\"isPartOf\":{\"@id\":\"https:\\\/\\\/starremediesfloweressences.com\\\/it\\\/#website\"},\"datePublished\":\"2019-06-11T13:17:27+00:00\",\"dateModified\":\"2021-12-30T12:47:48+00:00\",\"description\":\"Combination Essences made with Star Remedies flower essences. 14 unique flower essence combination ready-to-use on a daily base to support your emotions.\",\"breadcrumb\":{\"@id\":\"https:\\\/\\\/starremediesfloweressences.com\\\/combinationessences\\\/#breadcrumb\"},\"inLanguage\":\"es\",\"potentialAction\":[{\"@type\":\"ReadAction\",\"target\":[\"https:\\\/\\\/starremediesfloweressences.com\\\/combinationessences\\\/\"]}]},{\"@type\":\"BreadcrumbList\",\"@id\":\"https:\\\/\\\/starremediesfloweressences.com\\\/combinationessences\\\/#breadcrumb\",\"itemListElement\":[{\"@type\":\"ListItem\",\"position\":1,\"name\":\"Home\",\"item\":\"https:\\\/\\\/starremediesfloweressences.com\\\/it\\\/\"},{\"@type\":\"ListItem\",\"position\":2,\"name\":\"Combination Essences\"}]},{\"@type\":\"WebSite\",\"@id\":\"https:\\\/\\\/starremediesfloweressences.com\\\/it\\\/#website\",\"url\":\"https:\\\/\\\/starremediesfloweressences.com\\\/it\\\/\",\"name\":\"Flower Essences made by Madeleine &amp; Micha Meuwessen - Star Remedies\",\"description\":\"\",\"potentialAction\":[{\"@type\":\"SearchAction\",\"target\":{\"@type\":\"EntryPoint\",\"urlTemplate\":\"https:\\\/\\\/starremediesfloweressences.com\\\/it\\\/?s={search_term_string}\"},\"query-input\":{\"@type\":\"PropertyValueSpecification\",\"valueRequired\":true,\"valueName\":\"search_term_string\"}}],\"inLanguage\":\"es\"}]}<\/script>\n<!-- \/ Yoast SEO plugin. -->","yoast_head_json":{"title":"Esencias Combinadas elaboradas con esencias florales Star Remedies","description":"Esencias Combinadas hechas con esencias florales Star Remedies. 14 combinaciones \u00fanicas de esencias florales listas para usar a diario para apoyar tus emociones.","robots":{"index":"index","follow":"follow","max-snippet":"max-snippet:-1","max-image-preview":"max-image-preview:large","max-video-preview":"max-video-preview:-1"},"canonical":"https:\/\/starremediesfloweressences.com\/es\/combinationessences\/","og_locale":"es_ES","og_type":"article","og_title":"Combination Essences made with Star Remedies flower essences","og_description":"Combination Essences made with Star Remedies flower essences. 14 unique flower essence combination ready-to-use on a daily base to support your emotions.","og_url":"https:\/\/starremediesfloweressences.com\/es\/combinationessences\/","og_site_name":"Flower Essences made by Madeleine &amp; Micha Meuwessen - Star Remedies","article_modified_time":"2021-12-30T12:47:48+00:00","twitter_card":"summary_large_image","twitter_misc":{"Tiempo de lectura":"2 minutos"},"schema":{"@context":"https:\/\/schema.org","@graph":[{"@type":"WebPage","@id":"https:\/\/starremediesfloweressences.com\/combinationessences\/","url":"https:\/\/starremediesfloweressences.com\/combinationessences\/","name":"Esencias Combinadas elaboradas con esencias florales Star Remedies","isPartOf":{"@id":"https:\/\/starremediesfloweressences.com\/it\/#website"},"datePublished":"2019-06-11T13:17:27+00:00","dateModified":"2021-12-30T12:47:48+00:00","description":"Esencias Combinadas hechas con esencias florales Star Remedies. 14 combinaciones \u00fanicas de esencias florales listas para usar a diario para apoyar tus emociones.","breadcrumb":{"@id":"https:\/\/starremediesfloweressences.com\/combinationessences\/#breadcrumb"},"inLanguage":"es","potentialAction":[{"@type":"ReadAction","target":["https:\/\/starremediesfloweressences.com\/combinationessences\/"]}]},{"@type":"BreadcrumbList","@id":"https:\/\/starremediesfloweressences.com\/combinationessences\/#breadcrumb","itemListElement":[{"@type":"ListItem","position":1,"name":"Home","item":"https:\/\/starremediesfloweressences.com\/it\/"},{"@type":"ListItem","position":2,"name":"Combination Essences"}]},{"@type":"WebSite","@id":"https:\/\/starremediesfloweressences.com\/it\/#website","url":"https:\/\/starremediesfloweressences.com\/it\/","name":"Esencias Florales elaboradas por Madeleine &amp; Micha Meuwessen - Remedios Estrella","description":"","potentialAction":[{"@type":"SearchAction","target":{"@type":"EntryPoint","urlTemplate":"https:\/\/starremediesfloweressences.com\/it\/?s={search_term_string}"},"query-input":{"@type":"PropertyValueSpecification","valueRequired":true,"valueName":"search_term_string"}}],"inLanguage":"es"}]}},"_links":{"self":[{"href":"https:\/\/starremediesfloweressences.com\/es\/wp-json\/wp\/v2\/pages\/615","targetHints":{"allow":["GET"]}}],"collection":[{"href":"https:\/\/starremediesfloweressences.com\/es\/wp-json\/wp\/v2\/pages"}],"about":[{"href":"https:\/\/starremediesfloweressences.com\/es\/wp-json\/wp\/v2\/types\/page"}],"author":[{"embeddable":true,"href":"https:\/\/starremediesfloweressences.com\/es\/wp-json\/wp\/v2\/users\/1"}],"replies":[{"embeddable":true,"href":"https:\/\/starremediesfloweressences.com\/es\/wp-json\/wp\/v2\/comments?post=615"}],"version-history":[{"count":5,"href":"https:\/\/starremediesfloweressences.com\/es\/wp-json\/wp\/v2\/pages\/615\/revisions"}],"predecessor-version":[{"id":951,"href":"https:\/\/starremediesfloweressences.com\/es\/wp-json\/wp\/v2\/pages\/615\/revisions\/951"}],"wp:attachment":[{"href":"https:\/\/starremediesfloweressences.com\/es\/wp-json\/wp\/v2\/media?parent=615"}],"curies":[{"name":"wp","href":"https:\/\/api.w.org\/{rel}","templated":true}]}}