{"id":476,"date":"2019-03-11T14:10:57","date_gmt":"2019-03-11T13:10:57","guid":{"rendered":"https:\/\/starremediesfloweressences.com\/?page_id=476"},"modified":"2024-09-24T13:40:40","modified_gmt":"2024-09-24T11:40:40","slug":"floweressences","status":"publish","type":"page","link":"https:\/\/starremediesfloweressences.com\/es\/floweressences\/","title":{"rendered":"Esencias florales"},"content":{"rendered":"<p>3 Eenheid<br \/>\nProfunda desesperaci\u00f3n, soledad.<br \/>\nSustituye a Bach Remedy: Sweet Chestnut<\/p>\n<p>Aster<br \/>\nMiedo a las enfermedades.<br \/>\nSustituye a Bach Remedy: Heather<\/p>\n<p>Balans<br \/>\nSobrecarga temporal, fatiga, sensaci\u00f3n de lunes por la ma\u00f1ana.<br \/>\nSustituye a Bach Remedy: Hornbeam<\/p>\n<p>Bali<br \/>\nApat\u00eda, resignaci\u00f3n, falta de motivaci\u00f3n.<br \/>\nSustituye a Bach Remedy: Wild Rose<\/p>\n<p>Bescherming<br \/>\nSentirse feliz y protegido.<\/p>\n<p>Clem\u00e1tide<br \/>\nVisi\u00f3n general de tu vida, con los dos pies en el suelo.<\/p>\n<p>Dagkoekoeksbloem<br \/>\nFalta de confianza en uno mismo, Inseguridad.<br \/>\nSustituye a Bach Remedy: Alerce<\/p>\n<p>Daslook<br \/>\nProtector del Aura, Enraizado, Aqu\u00ed y Ahora.<\/p>\n<p>Dotterbloem<br \/>\nImpaciente.<br \/>\nSustituye a Bach Remedy: Impatients<\/p>\n<p>Duizendblad<br \/>\nElim\u00ednate, sin l\u00edmites propios.<br \/>\nSustituye a Bach Remedy: Centaury<\/p>\n<p>Duizendknoop<br \/>\nPreocupaciones ocultas, Odio discutir.<br \/>\nSustituye a Bach Remedy: Agrimony<\/p>\n<p>Esencia Eerste Hulp<br \/>\nlinda cicatriz violenta, emergencias emocionales, mensajes graves a lesiones personales, quemaduras y accidentes<br \/>\nSustituye a Bach Remedy: Rescue Remedy<\/p>\n<p>Eucalipto<br \/>\nOrgulloso, distanciado, retra\u00eddo.<br \/>\nSustituye al Remedio de Bach Agua Violeta<\/p>\n<p>Fluitenkruid<br \/>\nBuena autoestima, acepta.<\/p>\n<p>Gebroken Hartje<br \/>\nToma de conciencia de los antiguos dolores emocionales existentes en el cuerpo.<\/p>\n<p>Gele Meibloem<br \/>\nMediocre, con buenas intenciones.<br \/>\nSustituye al Remedio de Bach: Achicoria<\/p>\n<p>Genadekruid<br \/>\nResentimiento, amargura.<br \/>\nSustituye al Remedio de Bach: Sauce<\/p>\n<p>Herfstaster<br \/>\nSurgimiento de tu espiritualidad \"infantil\".<\/p>\n<p>Het Kind<br \/>\nAgotado, cansado.<br \/>\nSustituye al Remedio de Bach: Olive<\/p>\n<p>Hortensia<br \/>\nNo poder elegir entre muchas opciones.<br \/>\nSustituye a Bach Remedy: Wild Oat<\/p>\n<p>Hosta<br \/>\nMiedos indescriptibles, no sentirse seguro.<br \/>\nSustituye al Remedio de Bach: Aspen<\/p>\n<p>Houttuynia Cordata<br \/>\nPensamientos molientes.<br \/>\nSustituye a Bach Remedy: Casta\u00f1o Blanco<\/p>\n<p>Siempreviva<br \/>\nDepresi\u00f3n de causa desconocida.<br \/>\nSustituye al Remedio de Bach: Mostaza<\/p>\n<p>Ampliaci\u00f3n de la India<br \/>\nQuita los viejos dolores, Dignidad interior.<\/p>\n<p>Ismene<br \/>\nAusente, so\u00f1adora.<br \/>\nSustituye al Remedio de Bach: Clematis<\/p>\n<p>Kerspruim<br \/>\nTensi\u00f3n extrema, morderse las u\u00f1as, enuresis, obsesiones.<br \/>\nSustituye a Bach Remedy: Cherry Plum<\/p>\n<p>Komkommerkruid<br \/>\nDesmayo repentino, agotamiento temporal, estr\u00e9s.<br \/>\nSustituye al Remedio de Bach: Olmo<\/p>\n<p>Komkommerkruid 2<br \/>\nPlotselinge blackout, tijdelijke uitputting, Stress.<br \/>\nSustituye al Remedio de Bach: Olmo<\/p>\n<p>Koningin van de Kusten<br \/>\nNo soporto la injusticia.<br \/>\nSustituye al Remedio de Bach: Vervain<\/p>\n<p>Koraalcactus<br \/>\nobturador aura. Nada puede perturbarte.<\/p>\n<p>Kruidje roer me niet<br \/>\nProceso de curaci\u00f3n en aceleraci\u00f3n, protecci\u00f3n y apoyo.<\/p>\n<p>Liefde &amp; Hoop<br \/>\nP\u00e1nico. Ataques de p\u00e1nico.<br \/>\nSustituye a Bach Remedy: Rock Rose<\/p>\n<p>Loodkruid<br \/>\nNo conf\u00edes en tu propia intuici\u00f3n, incertidumbre.<br \/>\nSustituye a Bach Remedy: Cerato<\/p>\n<p>Maan<br \/>\nDesarrollo del alma Crecimiento espiritual.<\/p>\n<p>Madelief<br \/>\nAgotamiento, seguir adelante, trabajador.<br \/>\nSustituye a Bach Remedy: Roble<\/p>\n<p>Maskerbloem<br \/>\nMiedos con nombre propio.<br \/>\nSustituye a Bach Remedy: Mimulus<\/p>\n<p>Meesterbloem<br \/>\nPermite comprender las emociones ocultas.<br \/>\nSustituye a Bach Remedy: Casta\u00f1o Rojo<\/p>\n<p>Meibloem<br \/>\nMediocre, con buenas intenciones.<br \/>\nSustituye al Remedio de Bach: Achicoria<\/p>\n<p>Moederkruid<br \/>\nNostalgia, arrepentimiento.<br \/>\nSustituye a Bach Remedy: Honeysuckle<\/p>\n<p>Papaver<br \/>\nDepresi\u00f3n de causa conocida, sin ver salida, sin confianza.<br \/>\nSustituye al Remedio de Bach: Genciana<\/p>\n<p>Pares<br \/>\nDesesperanza, no ver salida.<br \/>\nSustituye a Bach Remedy: Gorse<\/p>\n<p>Protectie<br \/>\nProtector del aura.<\/p>\n<p>Puur<br \/>\nEx\u00edjase mucho a s\u00ed mismo y a los dem\u00e1s.<br \/>\nSustituye a Bach Remedy: Agua de roca<\/p>\n<p>Riet<br \/>\nIncertidumbre, no poder elegir entre 2 cosas, durante el embarazo, durante el mareo.<br \/>\nSustituye al Remedio de Bach: Scleranthus<\/p>\n<p>Roos<br \/>\nExcesivamente cr\u00edtico, intolerante.<br \/>\nSustituye a Bach Remedy: Beech<\/p>\n<p>Roze Duizendblad<br \/>\nEscudo contra la cercan\u00eda, protecci\u00f3n contra las emociones de las personas cercanas.<\/p>\n<p>Sneeuwklokje<br \/>\nAyuda a restaurar las barreras emocionales, liberar y limpiar.<\/p>\n<p>Estrella de Bel\u00e9n<br \/>\nChoque psicol\u00f3gico, trauma, duelo repentino, trauma del nacimiento, consolador.<br \/>\nSustituye a Bach Remedy: Star of Bethlehem<\/p>\n<p>Turkoois<br \/>\nCambio de vida.<br \/>\nSustituye a Bach Remedy: Walnut<\/p>\n<p>Valeriaan<br \/>\nReescribe el plano familiar, por as\u00ed decirlo.<\/p>\n<p>Vergeving<br \/>\nEnfado celoso y feroz.<br \/>\nSustituye a Bach Remedy: Holly<\/p>\n<p>Vlinderstruik<br \/>\nCometer los mismos errores una y otra vez, dificultades de aprendizaje, pensar en el futuro.<br \/>\nSustituye a Bach Remedy: Brote de Casta\u00f1o<\/p>\n<p>Vrouwenmantel<br \/>\nDominante, regulador, ansia de poder.<br \/>\nSustituye al Remedio de Bach: Vid<\/p>\n<p>Vuurdoorn<br \/>\nMuestra compasi\u00f3n hacia los dem\u00e1s y hacia ti mismo.<br \/>\nSustituye al Remedio de Bach: Pino<\/p>\n<p>Waterlelie<br \/>\nDa esperanza para el presente y el futuro.<\/p>\n<p>Wilde Appel<br \/>\nSentimientos de impureza, miedo a la contaminaci\u00f3n.<br \/>\nSustituye al Remedio de Bach: Crab Apple<\/p>\n<p>En<br \/>\nBase. Experiencias: Potencia, Limpieza, Ordenar, Enraizamiento, Amor propio, Poder propio, Fuerza, Vida, Confianza en uno mismo.<\/p>\n<p>&nbsp;<\/p>","protected":false},"excerpt":{"rendered":"<p>3 Eenheid Deep despair, Loneliness. Replaces Bach Remedy: Sweet Chestnut Aster Fear of diseases. Replaces Bach Remedy: Heather Balans Temporarily overloaded, fatigue, Monday morning feeling. Replaces Bach Remedy: Hornbeam Bali Apathy, resignation, lack of motivation. Replaces Bach Remedy: Wild Rose Bescherming Feeling happy and protected. Clematis Overview about your life, both feet on the ground. [&hellip;]<\/p>\n","protected":false},"author":1,"featured_media":0,"parent":0,"menu_order":0,"comment_status":"closed","ping_status":"closed","template":"","meta":{"_acf_changed":false,"footnotes":""},"class_list":["post-476","page","type-page","status-publish","hentry"],"acf":[],"yoast_head":"<!-- This site is optimized with the Yoast SEO plugin v27.4 - https:\/\/yoast.com\/product\/yoast-seo-wordpress\/ -->\n<title>Flower Essences - Flower Essences made by Madeleine &amp; Micha Meuwessen - Star Remedies<\/title>\n<meta name=\"description\" content=\"The complete overview of all flower essences made in the Netherlands and the rest of the world. Read more about their unique qualities and characteristics.\" \/>\n<meta name=\"robots\" content=\"index, follow, max-snippet:-1, max-image-preview:large, max-video-preview:-1\" \/>\n<link rel=\"canonical\" href=\"https:\/\/starremediesfloweressences.com\/es\/floweressences\/\" \/>\n<meta property=\"og:locale\" content=\"es_ES\" \/>\n<meta property=\"og:type\" content=\"article\" \/>\n<meta property=\"og:title\" content=\"Flower Essences - Flower Essences made by Madeleine &amp; Micha Meuwessen - Star Remedies\" \/>\n<meta property=\"og:description\" content=\"The complete overview of all flower essences made in the Netherlands and the rest of the world. Read more about their unique qualities and characteristics.\" \/>\n<meta property=\"og:url\" content=\"https:\/\/starremediesfloweressences.com\/es\/floweressences\/\" \/>\n<meta property=\"og:site_name\" content=\"Flower Essences made by Madeleine &amp; Micha Meuwessen - Star Remedies\" \/>\n<meta property=\"article:modified_time\" content=\"2024-09-24T11:40:40+00:00\" \/>\n<meta name=\"twitter:card\" content=\"summary_large_image\" \/>\n<meta name=\"twitter:label1\" content=\"Tiempo de lectura\" \/>\n\t<meta name=\"twitter:data1\" content=\"14 minutos\" \/>\n<script type=\"application\/ld+json\" class=\"yoast-schema-graph\">{\"@context\":\"https:\\\/\\\/schema.org\",\"@graph\":[{\"@type\":\"WebPage\",\"@id\":\"https:\\\/\\\/starremediesfloweressences.com\\\/floweressences\\\/\",\"url\":\"https:\\\/\\\/starremediesfloweressences.com\\\/floweressences\\\/\",\"name\":\"Flower Essences - Flower Essences made by Madeleine &amp; Micha Meuwessen - Star Remedies\",\"isPartOf\":{\"@id\":\"https:\\\/\\\/starremediesfloweressences.com\\\/it\\\/#website\"},\"datePublished\":\"2019-03-11T13:10:57+00:00\",\"dateModified\":\"2024-09-24T11:40:40+00:00\",\"description\":\"The complete overview of all flower essences made in the Netherlands and the rest of the world. Read more about their unique qualities and characteristics.\",\"breadcrumb\":{\"@id\":\"https:\\\/\\\/starremediesfloweressences.com\\\/floweressences\\\/#breadcrumb\"},\"inLanguage\":\"es\",\"potentialAction\":[{\"@type\":\"ReadAction\",\"target\":[\"https:\\\/\\\/starremediesfloweressences.com\\\/floweressences\\\/\"]}]},{\"@type\":\"BreadcrumbList\",\"@id\":\"https:\\\/\\\/starremediesfloweressences.com\\\/floweressences\\\/#breadcrumb\",\"itemListElement\":[{\"@type\":\"ListItem\",\"position\":1,\"name\":\"Home\",\"item\":\"https:\\\/\\\/starremediesfloweressences.com\\\/it\\\/\"},{\"@type\":\"ListItem\",\"position\":2,\"name\":\"Flower Essences\"}]},{\"@type\":\"WebSite\",\"@id\":\"https:\\\/\\\/starremediesfloweressences.com\\\/it\\\/#website\",\"url\":\"https:\\\/\\\/starremediesfloweressences.com\\\/it\\\/\",\"name\":\"Flower Essences made by Madeleine &amp; Micha Meuwessen - Star Remedies\",\"description\":\"\",\"potentialAction\":[{\"@type\":\"SearchAction\",\"target\":{\"@type\":\"EntryPoint\",\"urlTemplate\":\"https:\\\/\\\/starremediesfloweressences.com\\\/it\\\/?s={search_term_string}\"},\"query-input\":{\"@type\":\"PropertyValueSpecification\",\"valueRequired\":true,\"valueName\":\"search_term_string\"}}],\"inLanguage\":\"es\"}]}<\/script>\n<!-- \/ Yoast SEO plugin. -->","yoast_head_json":{"title":"Esencias Florales - Esencias Florales elaboradas por Madeleine &amp; Micha Meuwessen - Star Remedies","description":"El panorama completo de todos los elixires florales fabricados en los Pa\u00edses Bajos y el resto del mundo. M\u00e1s informaci\u00f3n sobre sus cualidades y caracter\u00edsticas \u00fanicas.","robots":{"index":"index","follow":"follow","max-snippet":"max-snippet:-1","max-image-preview":"max-image-preview:large","max-video-preview":"max-video-preview:-1"},"canonical":"https:\/\/starremediesfloweressences.com\/es\/floweressences\/","og_locale":"es_ES","og_type":"article","og_title":"Flower Essences - Flower Essences made by Madeleine &amp; Micha Meuwessen - Star Remedies","og_description":"The complete overview of all flower essences made in the Netherlands and the rest of the world. Read more about their unique qualities and characteristics.","og_url":"https:\/\/starremediesfloweressences.com\/es\/floweressences\/","og_site_name":"Flower Essences made by Madeleine &amp; Micha Meuwessen - Star Remedies","article_modified_time":"2024-09-24T11:40:40+00:00","twitter_card":"summary_large_image","twitter_misc":{"Tiempo de lectura":"14 minutos"},"schema":{"@context":"https:\/\/schema.org","@graph":[{"@type":"WebPage","@id":"https:\/\/starremediesfloweressences.com\/floweressences\/","url":"https:\/\/starremediesfloweressences.com\/floweressences\/","name":"Esencias Florales - Esencias Florales elaboradas por Madeleine &amp; Micha Meuwessen - Star Remedies","isPartOf":{"@id":"https:\/\/starremediesfloweressences.com\/it\/#website"},"datePublished":"2019-03-11T13:10:57+00:00","dateModified":"2024-09-24T11:40:40+00:00","description":"El panorama completo de todos los elixires florales fabricados en los Pa\u00edses Bajos y el resto del mundo. M\u00e1s informaci\u00f3n sobre sus cualidades y caracter\u00edsticas \u00fanicas.","breadcrumb":{"@id":"https:\/\/starremediesfloweressences.com\/floweressences\/#breadcrumb"},"inLanguage":"es","potentialAction":[{"@type":"ReadAction","target":["https:\/\/starremediesfloweressences.com\/floweressences\/"]}]},{"@type":"BreadcrumbList","@id":"https:\/\/starremediesfloweressences.com\/floweressences\/#breadcrumb","itemListElement":[{"@type":"ListItem","position":1,"name":"Home","item":"https:\/\/starremediesfloweressences.com\/it\/"},{"@type":"ListItem","position":2,"name":"Flower Essences"}]},{"@type":"WebSite","@id":"https:\/\/starremediesfloweressences.com\/it\/#website","url":"https:\/\/starremediesfloweressences.com\/it\/","name":"Esencias Florales elaboradas por Madeleine &amp; Micha Meuwessen - Remedios Estrella","description":"","potentialAction":[{"@type":"SearchAction","target":{"@type":"EntryPoint","urlTemplate":"https:\/\/starremediesfloweressences.com\/it\/?s={search_term_string}"},"query-input":{"@type":"PropertyValueSpecification","valueRequired":true,"valueName":"search_term_string"}}],"inLanguage":"es"}]}},"_links":{"self":[{"href":"https:\/\/starremediesfloweressences.com\/es\/wp-json\/wp\/v2\/pages\/476","targetHints":{"allow":["GET"]}}],"collection":[{"href":"https:\/\/starremediesfloweressences.com\/es\/wp-json\/wp\/v2\/pages"}],"about":[{"href":"https:\/\/starremediesfloweressences.com\/es\/wp-json\/wp\/v2\/types\/page"}],"author":[{"embeddable":true,"href":"https:\/\/starremediesfloweressences.com\/es\/wp-json\/wp\/v2\/users\/1"}],"replies":[{"embeddable":true,"href":"https:\/\/starremediesfloweressences.com\/es\/wp-json\/wp\/v2\/comments?post=476"}],"version-history":[{"count":6,"href":"https:\/\/starremediesfloweressences.com\/es\/wp-json\/wp\/v2\/pages\/476\/revisions"}],"predecessor-version":[{"id":1037,"href":"https:\/\/starremediesfloweressences.com\/es\/wp-json\/wp\/v2\/pages\/476\/revisions\/1037"}],"wp:attachment":[{"href":"https:\/\/starremediesfloweressences.com\/es\/wp-json\/wp\/v2\/media?parent=476"}],"curies":[{"name":"wp","href":"https:\/\/api.w.org\/{rel}","templated":true}]}}