{"id":65,"date":"2014-08-25T14:08:41","date_gmt":"2014-08-25T14:08:41","guid":{"rendered":"http:\/\/192.168.1.104\/enfold-photography\/?page_id=2"},"modified":"2021-12-30T13:57:49","modified_gmt":"2021-12-30T12:57:49","slug":"titelseite","status":"publish","type":"page","link":"https:\/\/starremediesfloweressences.com\/de\/","title":{"rendered":"Titelseite"},"content":{"rendered":"<section id=\"section-110-713\" class=\"ct-section padding\">\n<div class=\"ct-section-inner-wrap\">\n<div id=\"_rich_text-118-713\" class=\"oxy-rich-text\">\n<p>Bl\u00fctenessenzen verwandeln negative Stimmungen in positive Stimmungen. Im Laufe der Jahre hat Madeleine ihren Lebensweg mit der Herstellung von Bl\u00fctenessenzen in den Niederlanden, Europa und dem Rest der Welt beschritten. Ihre Bl\u00fctenessenzen, Star Remedies genannt, wurden seit 1987 entwickelt und umfassen heute 57 Bl\u00fctenessenzen.<\/p>\n<p>Die Bl\u00fctentherapie ist vor allem durch die Bachbl\u00fcten bekannt, die im letzten Jahrhundert von Dr. Edward Bach entwickelt wurden. Bei den Star Remedies handelt es sich jedoch nicht um Bachbl\u00fcten, sondern um Bl\u00fctenessenzen. Die Flower Remedies zeichnen sich durch eine hohe Schwingung aus. Die Star Remedies sind f\u00fcr die heutige Zeit gemacht, in der sich die Menschen mehr denn je des tieferen Sinns ihres Aufenthalts auf dieser Erde bewusst werden. Die Schwingungen auf dieser Erde und im Menschen haben sich ver\u00e4ndert, sind feiner geworden. Das gilt auch f\u00fcr die Schwingungen der Star Remedies. Star Remedies haben eine Entsprechung zu einigen Bachbl\u00fcten, aber mit einer h\u00f6heren, feineren Schwingung.<\/p>\n<p>Unsere Bl\u00fctenessenzen werden aus wilden Pflanzen und Blumen hergestellt, die sowohl in den Niederlanden als auch im Rest der Welt vorkommen. Zus\u00e4tzlich zu den traditionellen Bl\u00fctenessenzen gibt es 4 Essenzen aus nicht-pflanzlichen Materialien, wie Halbedelsteinen.<\/p>\n<p>Star Remedies werden in reiner Ruhe und mit voller Absicht f\u00fcr die Blume hergestellt. So k\u00f6nnen die Bl\u00fcten ihre volle Qualit\u00e4t in das vorhandene Quellwasser \u00fcbertragen. Das Gleiche gilt f\u00fcr die Essenzen, die aus nicht pflanzlichen Materialien hergestellt werden.<\/p>\n<\/div>\n<\/div>\n<\/section>","protected":false},"excerpt":{"rendered":"<p>Flower essences turn negative moods into positive ones. Over the years, Madeleine has walked her life path by making the Flower remedies in the Netherlands, Europe and the rest of the world. Her flower remedies, called Star Remedies, have been developed since 1987 and now include 57 flower remedies. Flower therapy is best known for [&hellip;]<\/p>\n","protected":false},"author":1,"featured_media":0,"parent":0,"menu_order":0,"comment_status":"closed","ping_status":"closed","template":"","meta":{"_acf_changed":false,"footnotes":""},"class_list":["post-65","page","type-page","status-publish","hentry"],"acf":[],"yoast_head":"<!-- This site is optimized with the Yoast SEO plugin v27.3 - https:\/\/yoast.com\/product\/yoast-seo-wordpress\/ -->\n<title>Flower Remedies by Star Remedies - Flower Essences<\/title>\n<meta name=\"description\" content=\"Flower remedies made by Madeleine &amp; Micha Meuwessen. 56 Flower essences made from wild plants in the Netherlands and the rest of the world.\" \/>\n<meta name=\"robots\" content=\"index, follow, max-snippet:-1, max-image-preview:large, max-video-preview:-1\" \/>\n<link rel=\"canonical\" href=\"https:\/\/starremediesfloweressences.com\/de\/\" \/>\n<meta property=\"og:locale\" content=\"de_DE\" \/>\n<meta property=\"og:type\" content=\"article\" \/>\n<meta property=\"og:title\" content=\"Flower Remedies by Star Remedies - Flower Essences\" \/>\n<meta property=\"og:description\" content=\"Flower remedies made by Madeleine &amp; Micha Meuwessen. 56 Flower essences made from wild plants in the Netherlands and the rest of the world.\" \/>\n<meta property=\"og:url\" content=\"https:\/\/starremediesfloweressences.com\/de\/\" \/>\n<meta property=\"og:site_name\" content=\"Flower Essences made by Madeleine &amp; Micha Meuwessen - Star Remedies\" \/>\n<meta property=\"article:modified_time\" content=\"2021-12-30T12:57:49+00:00\" \/>\n<meta name=\"twitter:card\" content=\"summary_large_image\" \/>\n<meta name=\"twitter:label1\" content=\"Gesch\u00e4tzte Lesezeit\" \/>\n\t<meta name=\"twitter:data1\" content=\"2\u00a0Minuten\" \/>\n<script type=\"application\/ld+json\" class=\"yoast-schema-graph\">{\"@context\":\"https:\\\/\\\/schema.org\",\"@graph\":[{\"@type\":\"WebPage\",\"@id\":\"https:\\\/\\\/starremediesfloweressences.com\\\/it\\\/\",\"url\":\"https:\\\/\\\/starremediesfloweressences.com\\\/it\\\/\",\"name\":\"Flower Remedies by Star Remedies - Flower Essences\",\"isPartOf\":{\"@id\":\"https:\\\/\\\/starremediesfloweressences.com\\\/it\\\/#website\"},\"datePublished\":\"2014-08-25T14:08:41+00:00\",\"dateModified\":\"2021-12-30T12:57:49+00:00\",\"description\":\"Flower remedies made by Madeleine & Micha Meuwessen. 56 Flower essences made from wild plants in the Netherlands and the rest of the world.\",\"breadcrumb\":{\"@id\":\"https:\\\/\\\/starremediesfloweressences.com\\\/it\\\/#breadcrumb\"},\"inLanguage\":\"de\",\"potentialAction\":[{\"@type\":\"ReadAction\",\"target\":[\"https:\\\/\\\/starremediesfloweressences.com\\\/it\\\/\"]}]},{\"@type\":\"BreadcrumbList\",\"@id\":\"https:\\\/\\\/starremediesfloweressences.com\\\/it\\\/#breadcrumb\",\"itemListElement\":[{\"@type\":\"ListItem\",\"position\":1,\"name\":\"Home\",\"item\":\"https:\\\/\\\/starremediesfloweressences.com\\\/it\\\/\"},{\"@type\":\"ListItem\",\"position\":2,\"name\":\"Frontpage\"}]},{\"@type\":\"WebSite\",\"@id\":\"https:\\\/\\\/starremediesfloweressences.com\\\/it\\\/#website\",\"url\":\"https:\\\/\\\/starremediesfloweressences.com\\\/it\\\/\",\"name\":\"Flower Essences made by Madeleine &amp; Micha Meuwessen - Star Remedies\",\"description\":\"\",\"potentialAction\":[{\"@type\":\"SearchAction\",\"target\":{\"@type\":\"EntryPoint\",\"urlTemplate\":\"https:\\\/\\\/starremediesfloweressences.com\\\/it\\\/?s={search_term_string}\"},\"query-input\":{\"@type\":\"PropertyValueSpecification\",\"valueRequired\":true,\"valueName\":\"search_term_string\"}}],\"inLanguage\":\"de\"}]}<\/script>\n<!-- \/ Yoast SEO plugin. -->","yoast_head_json":{"title":"Flower Remedies von Star Remedies - Bl\u00fctenessenzen","description":"Bl\u00fctenessenzen von Madeleine &amp; Micha Meuwessen. 56 Bl\u00fctenessenzen aus Wildpflanzen aus den Niederlanden und dem Rest der Welt.","robots":{"index":"index","follow":"follow","max-snippet":"max-snippet:-1","max-image-preview":"max-image-preview:large","max-video-preview":"max-video-preview:-1"},"canonical":"https:\/\/starremediesfloweressences.com\/de\/","og_locale":"de_DE","og_type":"article","og_title":"Flower Remedies by Star Remedies - Flower Essences","og_description":"Flower remedies made by Madeleine & Micha Meuwessen. 56 Flower essences made from wild plants in the Netherlands and the rest of the world.","og_url":"https:\/\/starremediesfloweressences.com\/de\/","og_site_name":"Flower Essences made by Madeleine &amp; Micha Meuwessen - Star Remedies","article_modified_time":"2021-12-30T12:57:49+00:00","twitter_card":"summary_large_image","twitter_misc":{"Gesch\u00e4tzte Lesezeit":"2\u00a0Minuten"},"schema":{"@context":"https:\/\/schema.org","@graph":[{"@type":"WebPage","@id":"https:\/\/starremediesfloweressences.com\/it\/","url":"https:\/\/starremediesfloweressences.com\/it\/","name":"Flower Remedies von Star Remedies - Bl\u00fctenessenzen","isPartOf":{"@id":"https:\/\/starremediesfloweressences.com\/it\/#website"},"datePublished":"2014-08-25T14:08:41+00:00","dateModified":"2021-12-30T12:57:49+00:00","description":"Bl\u00fctenessenzen von Madeleine &amp; Micha Meuwessen. 56 Bl\u00fctenessenzen aus Wildpflanzen aus den Niederlanden und dem Rest der Welt.","breadcrumb":{"@id":"https:\/\/starremediesfloweressences.com\/it\/#breadcrumb"},"inLanguage":"de","potentialAction":[{"@type":"ReadAction","target":["https:\/\/starremediesfloweressences.com\/it\/"]}]},{"@type":"BreadcrumbList","@id":"https:\/\/starremediesfloweressences.com\/it\/#breadcrumb","itemListElement":[{"@type":"ListItem","position":1,"name":"Home","item":"https:\/\/starremediesfloweressences.com\/it\/"},{"@type":"ListItem","position":2,"name":"Frontpage"}]},{"@type":"WebSite","@id":"https:\/\/starremediesfloweressences.com\/it\/#website","url":"https:\/\/starremediesfloweressences.com\/it\/","name":"Bl\u00fctenessenzen von Madeleine &amp; Micha Meuwessen - Star Remedies","description":"","potentialAction":[{"@type":"SearchAction","target":{"@type":"EntryPoint","urlTemplate":"https:\/\/starremediesfloweressences.com\/it\/?s={search_term_string}"},"query-input":{"@type":"PropertyValueSpecification","valueRequired":true,"valueName":"search_term_string"}}],"inLanguage":"de"}]}},"_links":{"self":[{"href":"https:\/\/starremediesfloweressences.com\/de\/wp-json\/wp\/v2\/pages\/65","targetHints":{"allow":["GET"]}}],"collection":[{"href":"https:\/\/starremediesfloweressences.com\/de\/wp-json\/wp\/v2\/pages"}],"about":[{"href":"https:\/\/starremediesfloweressences.com\/de\/wp-json\/wp\/v2\/types\/page"}],"author":[{"embeddable":true,"href":"https:\/\/starremediesfloweressences.com\/de\/wp-json\/wp\/v2\/users\/1"}],"replies":[{"embeddable":true,"href":"https:\/\/starremediesfloweressences.com\/de\/wp-json\/wp\/v2\/comments?post=65"}],"version-history":[{"count":6,"href":"https:\/\/starremediesfloweressences.com\/de\/wp-json\/wp\/v2\/pages\/65\/revisions"}],"predecessor-version":[{"id":1128,"href":"https:\/\/starremediesfloweressences.com\/de\/wp-json\/wp\/v2\/pages\/65\/revisions\/1128"}],"wp:attachment":[{"href":"https:\/\/starremediesfloweressences.com\/de\/wp-json\/wp\/v2\/media?parent=65"}],"curies":[{"name":"wp","href":"https:\/\/api.w.org\/{rel}","templated":true}]}}