{"id":476,"date":"2019-03-11T14:10:57","date_gmt":"2019-03-11T13:10:57","guid":{"rendered":"https:\/\/starremediesfloweressences.com\/?page_id=476"},"modified":"2024-09-24T13:40:40","modified_gmt":"2024-09-24T11:40:40","slug":"floweressences","status":"publish","type":"page","link":"https:\/\/starremediesfloweressences.com\/de\/floweressences\/","title":{"rendered":"Bl\u00fctenessenzen"},"content":{"rendered":"<p>3 Eenheid<br \/>\nTiefe Verzweiflung, Einsamkeit.<br \/>\nErsetzt Bach Remedy: Sweet Chestnut<\/p>\n<p>Aster<br \/>\nFurcht vor Krankheiten.<br \/>\nErsetzt Bach Remedy: Heather<\/p>\n<p>Balans<br \/>\nVor\u00fcbergehende \u00dcberlastung, M\u00fcdigkeit, Montagmorgengef\u00fchl.<br \/>\nErsetzt Bach Remedy: Hornbeam<\/p>\n<p>Bali<br \/>\nApathie, Resignation, mangelnde Motivation.<br \/>\nErsetzt Bach Remedy: Wild Rose<\/p>\n<p>Bescherming<br \/>\nIch f\u00fchle mich gl\u00fccklich und besch\u00fctzt.<\/p>\n<p>Clematis<br \/>\n\u00dcberblick \u00fcber Ihr Leben, mit beiden Beinen auf dem Boden.<\/p>\n<p>Dagkoekoeksbloem<br \/>\nMangelndes Selbstvertrauen, Unsicherheit.<br \/>\nErsetzt Bach Remedy: Larch<\/p>\n<p>Daslook<br \/>\nAura-Besch\u00fctzer, Geerdet, Hier und Jetzt.<\/p>\n<p>Dotterbloem<br \/>\nUngeduldig.<br \/>\nErsetzt Bach Remedy: Impatients<\/p>\n<p>Duizendblad<br \/>\nBeseitigen Sie sich selbst, setzen Sie sich keine eigenen Grenzen.<br \/>\nErsetzt Bach Remedy: Centaury<\/p>\n<p>Duizendknoop<br \/>\nVersteckte Sorgen, Hass auf Streitereien.<br \/>\nErsetzt Bach Remedy: Agrimony<\/p>\n<p>Eerste Hulp Essenz<br \/>\nniedliche gewaltt\u00e4tige Narbe, emotionale Notf\u00e4lle, ernste Nachrichten zu Personensch\u00e4den, Verbrennungen und Unf\u00e4lle<br \/>\nErsetzt Bach Remedy: Rescue Remedy<\/p>\n<p>Eucalypthus<br \/>\nStolz, distanziert, zur\u00fcckgezogen.<br \/>\nErsetzt Bach Remedy: Wasserveilchen<\/p>\n<p>Fluitenkruid<br \/>\nGutes Selbstwertgef\u00fchl, akzeptieren.<\/p>\n<p>Gebroken Hartje<br \/>\nBewusstheit \u00fcber bestehende alte emotionale Schmerzen im K\u00f6rper.<\/p>\n<p>Gele Meibloem<br \/>\nMittelm\u00e4\u00dfig, gut gemeint.<br \/>\nErsetzt Bach Remedy: Chicor\u00e9e<\/p>\n<p>Genadekruid<br \/>\nRessentiments, Bitterkeit.<br \/>\nErsetzt Bach Remedy: Willow<\/p>\n<p>Herfstaster<br \/>\nEntfaltung Ihrer \"kindlichen\" Spiritualit\u00e4t.<\/p>\n<p>Het Kind<br \/>\nErsch\u00f6pft, m\u00fcde.<br \/>\nErsetzt Bach Remedy: Olive<\/p>\n<p>Hortensien<br \/>\nNicht die M\u00f6glichkeit, aus vielen Optionen zu w\u00e4hlen.<br \/>\nErsetzt Bach Remedy: Wilder Hafer<\/p>\n<p>Hosta<br \/>\nUnaussprechliche \u00c4ngste, sich nicht sicher f\u00fchlen.<br \/>\nErsetzt Bach Remedy: Aspen<\/p>\n<p>Houttuynia Cordata<br \/>\nGedanken mahlen.<br \/>\nErsetzt Bach Remedy: White Chestnut<\/p>\n<p>Strohblume<br \/>\nDepression mit unbekannter Ursache.<br \/>\nErsetzt Bach Remedy: Senf<\/p>\n<p>Indischer Amandel<br \/>\nNimmt alte Schmerzen weg, Innere W\u00fcrde.<\/p>\n<p>Ismene<br \/>\nAbwesend, vertr\u00e4umt.<br \/>\nErsetzt Bach Remedy: Clematis<\/p>\n<p>Kerspruim<br \/>\nExtreme Anspannung, N\u00e4gelkauen, Bettn\u00e4ssen, Besessenheit.<br \/>\nErsetzt Bach Remedy: Cherry Plum<\/p>\n<p>Komkommerkruid<br \/>\nPl\u00f6tzlicher Stromausfall, vor\u00fcbergehende Ersch\u00f6pfung, Stress.<br \/>\nErsetzt Bach Remedy: Elm<\/p>\n<p>Komkommerkruid 2<br \/>\nPlotselinge blackout, tijdelijke uitputting, Stress.<br \/>\nErsetzt Bach Remedy: Elm<\/p>\n<p>Koningin van de Kusten<br \/>\nIch kann Ungerechtigkeit nicht ertragen.<br \/>\nErsetzt Bach Remedy: Vervain<\/p>\n<p>Koraalcactus<br \/>\nAura-Verschluss. Nichts kann Sie st\u00f6ren.<\/p>\n<p>Kruidje roer me niet<br \/>\nHeilungsprozess in Beschleunigung, Schutz und Unterst\u00fctzung.<\/p>\n<p>Liefde &amp; Hoop<br \/>\nPanik. Panikattacken.<br \/>\nErsetzt Bach Remedy: Rock Rose<\/p>\n<p>Loodkruid<br \/>\nVertrauen Sie nicht auf Ihre eigene Intuition, Unsicherheit.<br \/>\nErsetzt Bach Remedy: Cerato<\/p>\n<p>Maan<br \/>\nSeelische Entwicklung, spirituelles Wachstum.<\/p>\n<p>Madelief<br \/>\nErsch\u00f6pfung, weitermachen, schuften.<br \/>\nErsetzt Bach Remedy: Oak<\/p>\n<p>Maskerbloem<br \/>\nBenennbare \u00c4ngste.<br \/>\nErsetzt Bach Remedy: Mimulus<\/p>\n<p>Meesterbloem<br \/>\nVerschafft Einblick in verborgene Gef\u00fchle.<br \/>\nErsetzt Bach Remedy: Red Chestnut<\/p>\n<p>Meibloem<br \/>\nMittelm\u00e4\u00dfig, gut gemeint.<br \/>\nErsetzt Bach Remedy: Chicor\u00e9e<\/p>\n<p>Moederkruid<br \/>\nHeimweh, Bedauern.<br \/>\nErsetzt Bach Remedy: Honeysuckle<\/p>\n<p>Papaver<br \/>\nDepressionen mit bekannter Ursache, die keinen Ausweg sehen, kein Vertrauen.<br \/>\nErsetzt Bach Remedy: Enzian<\/p>\n<p>Peer<br \/>\nHoffnungslosigkeit, keinen Ausweg sehen.<br \/>\nErsetzt Bach Remedy: Gorse<\/p>\n<p>Protectie<br \/>\nAura-Besch\u00fctzer.<\/p>\n<p>Puur<br \/>\nStellen Sie hohe Anforderungen an sich und andere.<br \/>\nErsetzt Bach Remedy: Rock Water<\/p>\n<p>Riet<br \/>\nUngewissheit, sich nicht zwischen 2 Dingen entscheiden zu k\u00f6nnen, w\u00e4hrend der Schwangerschaft, bei Reisekrankheit.<br \/>\nErsetzt Bach Remedy: Scleranthus<\/p>\n<p>Roos<br \/>\n\u00dcberkritisch, intolerant.<br \/>\nErsetzt Bach Remedy: Beech<\/p>\n<p>Roze Duizendblad<br \/>\nAbgeschirmt von der unmittelbaren Umgebung, Schutz vor den Emotionen der Menschen, die Ihnen nahe stehen.<\/p>\n<p>Sneeuwklokje<br \/>\nHilft, emotionale Barrieren wiederherzustellen, loszulassen und zu kl\u00e4ren.<\/p>\n<p>Stern von Bethlehem<br \/>\nPsychologischer Schock, Trauma, pl\u00f6tzlicher Kummer, Geburtstrauma, Tr\u00f6ster.<br \/>\nErsetzt Bach Remedy: Star of Bethlehem<\/p>\n<p>Turkoois<br \/>\nVer\u00e4nderung im Leben.<br \/>\nErsetzt Bach Remedy: Walnut<\/p>\n<p>Valeriaan<br \/>\nEr schreibt sozusagen den Bauplan der Familie neu.<\/p>\n<p>Vergeving<br \/>\nEifers\u00fcchtiger, w\u00fctender Zorn.<br \/>\nErsetzt Bach Remedy: Holly<\/p>\n<p>Vlinderstruktur<br \/>\nImmer wieder die gleichen Fehler machen, Schwierigkeiten beim Lernen, vorausschauendes Denken.<br \/>\nErsetzt Bach Remedy: Chestnut Bud<\/p>\n<p>Vrouwenmantel<br \/>\nDominant, bestimmend, machtgierig.<br \/>\nErsetzt Bach Remedy: Vine<\/p>\n<p>Vuurdoorn<br \/>\nZeigt Mitgef\u00fchl f\u00fcr andere und sich selbst.<br \/>\nErsetzt Bach Remedy: Pine<\/p>\n<p>Waterlelie<br \/>\nDas gibt Hoffnung f\u00fcr die Gegenwart und die Zukunft.<\/p>\n<p>Wilder Appel<br \/>\nGef\u00fchle der Unreinheit, Angst vor Verunreinigung.<br \/>\nErsetzt Bach Remedy: Crab Apple<\/p>\n<p>Zelf<br \/>\nBasis. Erlebnisse: Potenz, Reinigung, Aufr\u00e4umen, Erdung, eigene Liebe, eigene Kraft, St\u00e4rke, Leben, Selbstvertrauen.<\/p>\n<p>&nbsp;<\/p>","protected":false},"excerpt":{"rendered":"<p>3 Eenheid Deep despair, Loneliness. Replaces Bach Remedy: Sweet Chestnut Aster Fear of diseases. Replaces Bach Remedy: Heather Balans Temporarily overloaded, fatigue, Monday morning feeling. Replaces Bach Remedy: Hornbeam Bali Apathy, resignation, lack of motivation. Replaces Bach Remedy: Wild Rose Bescherming Feeling happy and protected. Clematis Overview about your life, both feet on the ground. [&hellip;]<\/p>\n","protected":false},"author":1,"featured_media":0,"parent":0,"menu_order":0,"comment_status":"closed","ping_status":"closed","template":"","meta":{"_acf_changed":false,"footnotes":""},"class_list":["post-476","page","type-page","status-publish","hentry"],"acf":[],"yoast_head":"<!-- This site is optimized with the Yoast SEO plugin v27.3 - https:\/\/yoast.com\/product\/yoast-seo-wordpress\/ -->\n<title>Flower Essences - Flower Essences made by Madeleine &amp; Micha Meuwessen - Star Remedies<\/title>\n<meta name=\"description\" content=\"The complete overview of all flower essences made in the Netherlands and the rest of the world. Read more about their unique qualities and characteristics.\" \/>\n<meta name=\"robots\" content=\"index, follow, max-snippet:-1, max-image-preview:large, max-video-preview:-1\" \/>\n<link rel=\"canonical\" href=\"https:\/\/starremediesfloweressences.com\/de\/floweressences\/\" \/>\n<meta property=\"og:locale\" content=\"de_DE\" \/>\n<meta property=\"og:type\" content=\"article\" \/>\n<meta property=\"og:title\" content=\"Flower Essences - Flower Essences made by Madeleine &amp; Micha Meuwessen - Star Remedies\" \/>\n<meta property=\"og:description\" content=\"The complete overview of all flower essences made in the Netherlands and the rest of the world. Read more about their unique qualities and characteristics.\" \/>\n<meta property=\"og:url\" content=\"https:\/\/starremediesfloweressences.com\/de\/floweressences\/\" \/>\n<meta property=\"og:site_name\" content=\"Flower Essences made by Madeleine &amp; Micha Meuwessen - Star Remedies\" \/>\n<meta property=\"article:modified_time\" content=\"2024-09-24T11:40:40+00:00\" \/>\n<meta name=\"twitter:card\" content=\"summary_large_image\" \/>\n<meta name=\"twitter:label1\" content=\"Gesch\u00e4tzte Lesezeit\" \/>\n\t<meta name=\"twitter:data1\" content=\"14\u00a0Minuten\" \/>\n<script type=\"application\/ld+json\" class=\"yoast-schema-graph\">{\"@context\":\"https:\\\/\\\/schema.org\",\"@graph\":[{\"@type\":\"WebPage\",\"@id\":\"https:\\\/\\\/starremediesfloweressences.com\\\/floweressences\\\/\",\"url\":\"https:\\\/\\\/starremediesfloweressences.com\\\/floweressences\\\/\",\"name\":\"Flower Essences - Flower Essences made by Madeleine &amp; Micha Meuwessen - Star Remedies\",\"isPartOf\":{\"@id\":\"https:\\\/\\\/starremediesfloweressences.com\\\/it\\\/#website\"},\"datePublished\":\"2019-03-11T13:10:57+00:00\",\"dateModified\":\"2024-09-24T11:40:40+00:00\",\"description\":\"The complete overview of all flower essences made in the Netherlands and the rest of the world. Read more about their unique qualities and characteristics.\",\"breadcrumb\":{\"@id\":\"https:\\\/\\\/starremediesfloweressences.com\\\/floweressences\\\/#breadcrumb\"},\"inLanguage\":\"de\",\"potentialAction\":[{\"@type\":\"ReadAction\",\"target\":[\"https:\\\/\\\/starremediesfloweressences.com\\\/floweressences\\\/\"]}]},{\"@type\":\"BreadcrumbList\",\"@id\":\"https:\\\/\\\/starremediesfloweressences.com\\\/floweressences\\\/#breadcrumb\",\"itemListElement\":[{\"@type\":\"ListItem\",\"position\":1,\"name\":\"Home\",\"item\":\"https:\\\/\\\/starremediesfloweressences.com\\\/it\\\/\"},{\"@type\":\"ListItem\",\"position\":2,\"name\":\"Flower Essences\"}]},{\"@type\":\"WebSite\",\"@id\":\"https:\\\/\\\/starremediesfloweressences.com\\\/it\\\/#website\",\"url\":\"https:\\\/\\\/starremediesfloweressences.com\\\/it\\\/\",\"name\":\"Flower Essences made by Madeleine &amp; Micha Meuwessen - Star Remedies\",\"description\":\"\",\"potentialAction\":[{\"@type\":\"SearchAction\",\"target\":{\"@type\":\"EntryPoint\",\"urlTemplate\":\"https:\\\/\\\/starremediesfloweressences.com\\\/it\\\/?s={search_term_string}\"},\"query-input\":{\"@type\":\"PropertyValueSpecification\",\"valueRequired\":true,\"valueName\":\"search_term_string\"}}],\"inLanguage\":\"de\"}]}<\/script>\n<!-- \/ Yoast SEO plugin. -->","yoast_head_json":{"title":"Bl\u00fctenessenzen - Bl\u00fctenessenzen von Madeleine &amp; Micha Meuwessen - Star Remedies","description":"Der vollst\u00e4ndige \u00dcberblick \u00fcber alle in den Niederlanden und im Rest der Welt hergestellten Bl\u00fctenessenzen. Lesen Sie mehr \u00fcber ihre einzigartigen Eigenschaften und Merkmale.","robots":{"index":"index","follow":"follow","max-snippet":"max-snippet:-1","max-image-preview":"max-image-preview:large","max-video-preview":"max-video-preview:-1"},"canonical":"https:\/\/starremediesfloweressences.com\/de\/floweressences\/","og_locale":"de_DE","og_type":"article","og_title":"Flower Essences - Flower Essences made by Madeleine &amp; Micha Meuwessen - Star Remedies","og_description":"The complete overview of all flower essences made in the Netherlands and the rest of the world. Read more about their unique qualities and characteristics.","og_url":"https:\/\/starremediesfloweressences.com\/de\/floweressences\/","og_site_name":"Flower Essences made by Madeleine &amp; Micha Meuwessen - Star Remedies","article_modified_time":"2024-09-24T11:40:40+00:00","twitter_card":"summary_large_image","twitter_misc":{"Gesch\u00e4tzte Lesezeit":"14\u00a0Minuten"},"schema":{"@context":"https:\/\/schema.org","@graph":[{"@type":"WebPage","@id":"https:\/\/starremediesfloweressences.com\/floweressences\/","url":"https:\/\/starremediesfloweressences.com\/floweressences\/","name":"Bl\u00fctenessenzen - Bl\u00fctenessenzen von Madeleine &amp; Micha Meuwessen - Star Remedies","isPartOf":{"@id":"https:\/\/starremediesfloweressences.com\/it\/#website"},"datePublished":"2019-03-11T13:10:57+00:00","dateModified":"2024-09-24T11:40:40+00:00","description":"Der vollst\u00e4ndige \u00dcberblick \u00fcber alle in den Niederlanden und im Rest der Welt hergestellten Bl\u00fctenessenzen. Lesen Sie mehr \u00fcber ihre einzigartigen Eigenschaften und Merkmale.","breadcrumb":{"@id":"https:\/\/starremediesfloweressences.com\/floweressences\/#breadcrumb"},"inLanguage":"de","potentialAction":[{"@type":"ReadAction","target":["https:\/\/starremediesfloweressences.com\/floweressences\/"]}]},{"@type":"BreadcrumbList","@id":"https:\/\/starremediesfloweressences.com\/floweressences\/#breadcrumb","itemListElement":[{"@type":"ListItem","position":1,"name":"Home","item":"https:\/\/starremediesfloweressences.com\/it\/"},{"@type":"ListItem","position":2,"name":"Flower Essences"}]},{"@type":"WebSite","@id":"https:\/\/starremediesfloweressences.com\/it\/#website","url":"https:\/\/starremediesfloweressences.com\/it\/","name":"Bl\u00fctenessenzen von Madeleine &amp; Micha Meuwessen - Star Remedies","description":"","potentialAction":[{"@type":"SearchAction","target":{"@type":"EntryPoint","urlTemplate":"https:\/\/starremediesfloweressences.com\/it\/?s={search_term_string}"},"query-input":{"@type":"PropertyValueSpecification","valueRequired":true,"valueName":"search_term_string"}}],"inLanguage":"de"}]}},"_links":{"self":[{"href":"https:\/\/starremediesfloweressences.com\/de\/wp-json\/wp\/v2\/pages\/476","targetHints":{"allow":["GET"]}}],"collection":[{"href":"https:\/\/starremediesfloweressences.com\/de\/wp-json\/wp\/v2\/pages"}],"about":[{"href":"https:\/\/starremediesfloweressences.com\/de\/wp-json\/wp\/v2\/types\/page"}],"author":[{"embeddable":true,"href":"https:\/\/starremediesfloweressences.com\/de\/wp-json\/wp\/v2\/users\/1"}],"replies":[{"embeddable":true,"href":"https:\/\/starremediesfloweressences.com\/de\/wp-json\/wp\/v2\/comments?post=476"}],"version-history":[{"count":6,"href":"https:\/\/starremediesfloweressences.com\/de\/wp-json\/wp\/v2\/pages\/476\/revisions"}],"predecessor-version":[{"id":1037,"href":"https:\/\/starremediesfloweressences.com\/de\/wp-json\/wp\/v2\/pages\/476\/revisions\/1037"}],"wp:attachment":[{"href":"https:\/\/starremediesfloweressences.com\/de\/wp-json\/wp\/v2\/media?parent=476"}],"curies":[{"name":"wp","href":"https:\/\/api.w.org\/{rel}","templated":true}]}}