{"id":1070,"date":"2024-09-27T10:25:20","date_gmt":"2024-09-27T08:25:20","guid":{"rendered":"https:\/\/temp777.starremediesfloweressences.com\/?page_id=1070"},"modified":"2024-09-27T10:25:55","modified_gmt":"2024-09-27T08:25:55","slug":"chakra-essences","status":"publish","type":"page","link":"https:\/\/starremediesfloweressences.com\/de\/chakra-essences\/","title":{"rendered":"Chakra-Essenzen"},"content":{"rendered":"<p>Basis-Kombination<br \/>\nV\u00f6llige emotionale Ruhe und Entspannung<\/p>\n<p>Kombination 1<br \/>\nVerringerung unangenehmer Gef\u00fchle mit bekannter Ursache oder unangenehmer Gef\u00fchle f\u00fcr sich selbst; mangelnde Lebensfreude; besserer Umgang mit auferlegten Aufgaben (Aktivit\u00e4ten)<\/p>\n<p>Kombination 2<br \/>\nMehr Vertrauen; weniger \u00c4rger; mehr Energie; besserer Umgang mit auferlegten Aufgaben (Aktivit\u00e4ten).<\/p>\n<p>Kombination 3<br \/>\nSich selbst besser definieren; Trost; Liebe zu sich selbst; weniger \u00c4rger<\/p>\n<p>Kombination 4<br \/>\nK\u00f6rperliche Entspannung; Trost; Panik; Bew\u00e4ltigung von Sorgen und Zweifeln.<\/p>\n<p>Kombination 5<br \/>\nStarke Intuition; sei in deiner eigenen Kraft; Helligkeit im Kopf; Hoffnung.<\/p>\n<p>Kombination 6<br \/>\nEntscheidungsfreudigkeit; die F\u00e4higkeit, Entscheidungen zu treffen; weniger streng mit sich selbst sein; die Dinge aus einer anderen Perspektive sehen; Hoffnung.<\/p>\n<p>Kombination 7<br \/>\nBesser mit Ungerechtigkeit umgehen; Ruhe im Kopf; Trost; \u00dcberschwang.<\/p>\n<p>Kombination 8<br \/>\nVer\u00e4nderung(en) in Ihrem Leben; Umgang mit Sorgen und Zweifeln; Einsamkeit; besserer Umgang mit Ungerechtigkeit; \u00dcberschwang.<\/p>\n<p>Kombination 9<br \/>\nVerbesserung der zwischenmenschlichen Kontakte; weniger kritisch sein; einen \u00dcberblick \u00fcber das eigene Leben bekommen; Ver\u00e4nderung(en) in Ihrem Leben.<\/p>\n<p>Kombination 10<br \/>\nMehr innere Ruhe, weniger Unruhe; besseres Gleichgewicht zwischen Arbeit und Vergn\u00fcgen; Entspannung der Muskeln; Gef\u00fchl der Sicherheit in der Dunkelheit.<\/p>\n<p>Kombination 11<br \/>\nBeide Beine sind auf dem Boden; weniger vertr\u00e4umt; mehr Lebensfreude; sich sicher f\u00fchlen; sich im Dunkeln sicher f\u00fchlen.<\/p>\n<p>Kombination 12<br \/>\nIn der Liebe loslassen k\u00f6nnen; weniger \u00fcberm\u00e4\u00dfige Sorge um andere; Verarbeitung von Heimweh; Ver\u00e4nderung(en) in Ihrem Leben.<\/p>\n<p>Pr\u00fcfungs-Kombination<br \/>\nPr\u00fcfungsangst, aber auch f\u00fcr diejenigen, die Schwierigkeiten mit Telefongespr\u00e4chen, dem Sprechen in der \u00d6ffentlichkeit, der Nervosit\u00e4t auf der B\u00fchne oder der Vorbereitung auf ein Vorstellungsgespr\u00e4ch oder ein Vorsprechen haben.<\/p>","protected":false},"excerpt":{"rendered":"<p>Basic Combination Total emotional peace and relaxation Combination 1 Reducing unpleasant feelings of known cause or unpleasant feelings for yourself; lack of joy of life; deal better with imposed tasks (activities) Combination 2 More trust; less anger; more energy; deal better with imposed tasks (activities). Combination 3 Define yourself better; consolation; love for yourself; less [&hellip;]<\/p>\n","protected":false},"author":1,"featured_media":0,"parent":0,"menu_order":0,"comment_status":"closed","ping_status":"closed","template":"","meta":{"_acf_changed":false,"footnotes":""},"class_list":["post-1070","page","type-page","status-publish","hentry"],"acf":[],"yoast_head":"<!-- This site is optimized with the Yoast SEO plugin v27.4 - https:\/\/yoast.com\/product\/yoast-seo-wordpress\/ -->\n<title>Chakra Essences made with Star Remedies flower essences<\/title>\n<meta name=\"description\" content=\"Chakra Essences made with Star Remedies flower essences. 7 unique flower essences to support chakra&#039;s and meriadians\" \/>\n<meta name=\"robots\" content=\"index, follow, max-snippet:-1, max-image-preview:large, max-video-preview:-1\" \/>\n<link rel=\"canonical\" href=\"https:\/\/starremediesfloweressences.com\/de\/chakra-essences\/\" \/>\n<meta property=\"og:locale\" content=\"de_DE\" \/>\n<meta property=\"og:type\" content=\"article\" \/>\n<meta property=\"og:title\" content=\"Chakra Essences made with Star Remedies flower essences\" \/>\n<meta property=\"og:description\" content=\"Chakra Essences made with Star Remedies flower essences. 7 unique flower essences to support chakra&#039;s and meriadians\" \/>\n<meta property=\"og:url\" content=\"https:\/\/starremediesfloweressences.com\/de\/chakra-essences\/\" \/>\n<meta property=\"og:site_name\" content=\"Flower Essences made by Madeleine &amp; Micha Meuwessen - Star Remedies\" \/>\n<meta property=\"article:modified_time\" content=\"2024-09-27T08:25:55+00:00\" \/>\n<meta name=\"twitter:card\" content=\"summary_large_image\" \/>\n<meta name=\"twitter:label1\" content=\"Gesch\u00e4tzte Lesezeit\" \/>\n\t<meta name=\"twitter:data1\" content=\"4\u00a0Minuten\" \/>\n<script type=\"application\/ld+json\" class=\"yoast-schema-graph\">{\"@context\":\"https:\\\/\\\/schema.org\",\"@graph\":[{\"@type\":\"WebPage\",\"@id\":\"https:\\\/\\\/starremediesfloweressences.com\\\/chakra-essences\\\/\",\"url\":\"https:\\\/\\\/starremediesfloweressences.com\\\/chakra-essences\\\/\",\"name\":\"Chakra Essences made with Star Remedies flower essences\",\"isPartOf\":{\"@id\":\"https:\\\/\\\/starremediesfloweressences.com\\\/it\\\/#website\"},\"datePublished\":\"2024-09-27T08:25:20+00:00\",\"dateModified\":\"2024-09-27T08:25:55+00:00\",\"description\":\"Chakra Essences made with Star Remedies flower essences. 7 unique flower essences to support chakra's and meriadians\",\"breadcrumb\":{\"@id\":\"https:\\\/\\\/starremediesfloweressences.com\\\/chakra-essences\\\/#breadcrumb\"},\"inLanguage\":\"de\",\"potentialAction\":[{\"@type\":\"ReadAction\",\"target\":[\"https:\\\/\\\/starremediesfloweressences.com\\\/chakra-essences\\\/\"]}]},{\"@type\":\"BreadcrumbList\",\"@id\":\"https:\\\/\\\/starremediesfloweressences.com\\\/chakra-essences\\\/#breadcrumb\",\"itemListElement\":[{\"@type\":\"ListItem\",\"position\":1,\"name\":\"Home\",\"item\":\"https:\\\/\\\/starremediesfloweressences.com\\\/it\\\/\"},{\"@type\":\"ListItem\",\"position\":2,\"name\":\"Chakra Essences\"}]},{\"@type\":\"WebSite\",\"@id\":\"https:\\\/\\\/starremediesfloweressences.com\\\/it\\\/#website\",\"url\":\"https:\\\/\\\/starremediesfloweressences.com\\\/it\\\/\",\"name\":\"Flower Essences made by Madeleine &amp; Micha Meuwessen - Star Remedies\",\"description\":\"\",\"potentialAction\":[{\"@type\":\"SearchAction\",\"target\":{\"@type\":\"EntryPoint\",\"urlTemplate\":\"https:\\\/\\\/starremediesfloweressences.com\\\/it\\\/?s={search_term_string}\"},\"query-input\":{\"@type\":\"PropertyValueSpecification\",\"valueRequired\":true,\"valueName\":\"search_term_string\"}}],\"inLanguage\":\"de\"}]}<\/script>\n<!-- \/ Yoast SEO plugin. -->","yoast_head_json":{"title":"Chakra-Essenzen aus Star Remedies-Bl\u00fctenessenzen","description":"Chakra-Essenzen mit Star Remedies-Bl\u00fctenessenzen hergestellt. 7 einzigartige Bl\u00fctenessenzen zur Unterst\u00fctzung der Chakren und Meridiane","robots":{"index":"index","follow":"follow","max-snippet":"max-snippet:-1","max-image-preview":"max-image-preview:large","max-video-preview":"max-video-preview:-1"},"canonical":"https:\/\/starremediesfloweressences.com\/de\/chakra-essences\/","og_locale":"de_DE","og_type":"article","og_title":"Chakra Essences made with Star Remedies flower essences","og_description":"Chakra Essences made with Star Remedies flower essences. 7 unique flower essences to support chakra's and meriadians","og_url":"https:\/\/starremediesfloweressences.com\/de\/chakra-essences\/","og_site_name":"Flower Essences made by Madeleine &amp; Micha Meuwessen - Star Remedies","article_modified_time":"2024-09-27T08:25:55+00:00","twitter_card":"summary_large_image","twitter_misc":{"Gesch\u00e4tzte Lesezeit":"4\u00a0Minuten"},"schema":{"@context":"https:\/\/schema.org","@graph":[{"@type":"WebPage","@id":"https:\/\/starremediesfloweressences.com\/chakra-essences\/","url":"https:\/\/starremediesfloweressences.com\/chakra-essences\/","name":"Chakra-Essenzen aus Star Remedies-Bl\u00fctenessenzen","isPartOf":{"@id":"https:\/\/starremediesfloweressences.com\/it\/#website"},"datePublished":"2024-09-27T08:25:20+00:00","dateModified":"2024-09-27T08:25:55+00:00","description":"Chakra-Essenzen mit Star Remedies-Bl\u00fctenessenzen hergestellt. 7 einzigartige Bl\u00fctenessenzen zur Unterst\u00fctzung der Chakren und Meridiane","breadcrumb":{"@id":"https:\/\/starremediesfloweressences.com\/chakra-essences\/#breadcrumb"},"inLanguage":"de","potentialAction":[{"@type":"ReadAction","target":["https:\/\/starremediesfloweressences.com\/chakra-essences\/"]}]},{"@type":"BreadcrumbList","@id":"https:\/\/starremediesfloweressences.com\/chakra-essences\/#breadcrumb","itemListElement":[{"@type":"ListItem","position":1,"name":"Home","item":"https:\/\/starremediesfloweressences.com\/it\/"},{"@type":"ListItem","position":2,"name":"Chakra Essences"}]},{"@type":"WebSite","@id":"https:\/\/starremediesfloweressences.com\/it\/#website","url":"https:\/\/starremediesfloweressences.com\/it\/","name":"Bl\u00fctenessenzen von Madeleine &amp; Micha Meuwessen - Star Remedies","description":"","potentialAction":[{"@type":"SearchAction","target":{"@type":"EntryPoint","urlTemplate":"https:\/\/starremediesfloweressences.com\/it\/?s={search_term_string}"},"query-input":{"@type":"PropertyValueSpecification","valueRequired":true,"valueName":"search_term_string"}}],"inLanguage":"de"}]}},"_links":{"self":[{"href":"https:\/\/starremediesfloweressences.com\/de\/wp-json\/wp\/v2\/pages\/1070","targetHints":{"allow":["GET"]}}],"collection":[{"href":"https:\/\/starremediesfloweressences.com\/de\/wp-json\/wp\/v2\/pages"}],"about":[{"href":"https:\/\/starremediesfloweressences.com\/de\/wp-json\/wp\/v2\/types\/page"}],"author":[{"embeddable":true,"href":"https:\/\/starremediesfloweressences.com\/de\/wp-json\/wp\/v2\/users\/1"}],"replies":[{"embeddable":true,"href":"https:\/\/starremediesfloweressences.com\/de\/wp-json\/wp\/v2\/comments?post=1070"}],"version-history":[{"count":1,"href":"https:\/\/starremediesfloweressences.com\/de\/wp-json\/wp\/v2\/pages\/1070\/revisions"}],"predecessor-version":[{"id":1071,"href":"https:\/\/starremediesfloweressences.com\/de\/wp-json\/wp\/v2\/pages\/1070\/revisions\/1071"}],"wp:attachment":[{"href":"https:\/\/starremediesfloweressences.com\/de\/wp-json\/wp\/v2\/media?parent=1070"}],"curies":[{"name":"wp","href":"https:\/\/api.w.org\/{rel}","templated":true}]}}